{"id":991,"date":"2023-10-31T14:33:36","date_gmt":"2023-10-31T11:33:36","guid":{"rendered":"http:\/\/huzuroglu.com\/?page_id=991"},"modified":"2023-10-31T14:33:36","modified_gmt":"2023-10-31T11:33:36","slug":"isi-yalitim-levha-sivasi-grubu","status":"publish","type":"page","link":"http:\/\/huzuroglu.com\/?page_id=991","title":{"rendered":"Is\u0131 Yal\u0131t\u0131m Levha S\u0131vas\u0131 Grubu"},"content":{"rendered":"<p><b>Klimatherm Is\u0131 Yal\u0131t\u0131m Levhas\u0131 Elyaf Katk\u0131l\u0131 S\u0131vama Harc\u0131\u00a0<\/b>: Is\u0131 yal\u0131t\u0131m levhalar\u0131n\u0131n \u00fczerine uygulama amac\u0131yla geli\u015ftirilmi\u015f polimerik ve elyaf katk\u0131larla g\u00fc\u00e7lendirilmi\u015f, TS EN 13687\u00a0 standard\u0131 kapsam\u0131nda \u00fcretilen ve G i\u015faretlemesine sahip \u0131s\u0131 yal\u0131t\u0131m levhas\u0131 s\u0131va harc\u0131d\u0131r. \u0130\u00e7 ve d\u0131\u015f cephelerde \u0131s\u0131 yal\u0131t\u0131m ama\u00e7l\u0131 olarak uygulanmas\u0131 yap\u0131lm\u0131\u015f olan XPS, EPS ve Ta\u015fy\u00fcn\u00fc levhalar\u0131n\u0131n \u00fczerine y\u00fczey s\u0131vas\u0131 olarak kullan\u0131l\u0131r.<\/p>\n<p>&nbsp;<\/p>\n<p><b>\u00d6ZELL\u0130KLER\u0130<\/b><\/p>\n<p>&nbsp;<\/p>\n<ul>\n<li>Polistren, Eksrude polistren k\u00f6p\u00fck ve Ta\u015fy\u00fcn\u00fc Levhalar\u0131na g\u00fc\u00e7l\u00fc bir yap\u0131\u015fma sa\u011flar.<\/li>\n<li>Y\u00fcksek su buhar\u0131 ge\u00e7irgenli\u011fine sahiptir.<\/li>\n<li>D\u00fc\u015f\u00fck su emme de\u011ferine sahiptir.<\/li>\n<li>Elyaf katk\u0131s\u0131 sayesinde yap\u0131daki gerilme ve titre\u015fim kaynakl\u0131 \u00e7atlama gibi fiziksel riskleri ortadan kald\u0131r\u0131r.<\/li>\n<li>\u00c7imento \/ Polimer uyumu sayesinde; m\u00fckemmel e\u011filme ve basma dayan\u0131m performans\u0131na ve darde dayan\u0131m\u0131na sahiptir.<\/li>\n<li>Y\u00fcksek \u0131s\u0131 yal\u0131t\u0131m levhas\u0131na yap\u0131\u015fma mukavemetine sahiptir.<\/li>\n<li>Y\u00fcksek \u00e7al\u0131\u015fabilirlik sayesinde uygulama kolayl\u0131\u011f\u0131 sa\u011flar.<\/li>\n<\/ul>\n<p>&nbsp;<\/p>\n<p><b>UYGULAMA ALANI<\/b><\/p>\n<p><b>\u00a0<\/b>\u0130\u00e7 ve d\u0131\u015f cephelerde, br\u00fct beton, tu\u011fla, \u00e7imento bazl\u0131 s\u0131va, gaz beton gibi y\u00fczeylere uygulanacak \u0131s\u0131 yal\u0131t\u0131m i\u015flemlerinde XPS, EPS ve Ta\u015fy\u00fcn\u00fc levhalar\u0131n yap\u0131\u015ft\u0131r\u0131lmas\u0131nda kullan\u0131l\u0131r.<\/p>\n<p>&nbsp;<\/p>\n<p><b>TEKN\u0130K \u00d6ZELL\u0130KLER<\/b><\/p>\n<table border=\"0\">\n<tbody>\n<tr>\n<td><b>\u00d6ZELL\u0130KLER<\/b><\/td>\n<td><b>STANDART<\/b><\/td>\n<td><b>DE\u011eER<\/b><\/td>\n<\/tr>\n<tr>\n<td>Sertle\u015fmi\u015f S\u0131van\u0131n Bo\u015fluklu Birim Hacim K\u00fctlesi ( kg\/m\u00b3)<\/td>\n<td>TS EN 1015-10<\/td>\n<td>1500 \u00b1 250<\/td>\n<\/tr>\n<tr>\n<td>E\u011filme Dayan\u0131m\u0131 ( N\/mm\u00b2)<\/td>\n<td>TS EN 1015-11<\/td>\n<td>\u2265 2<\/td>\n<\/tr>\n<tr>\n<td>Basma Dayan\u0131m\u0131\u00a0 ( N\/mm\u00b2)<\/td>\n<td>TS EN 1015-11<\/td>\n<td>\u2265 6<\/td>\n<\/tr>\n<tr>\n<td rowspan=\"2\">Alt Tabakaya Yap\u0131\u015fma Mukavemeti\u00a0 ( N\/mm\u00b2)<\/td>\n<td>TS EN 1015-11<\/td>\n<td>\u2265 0,5<\/td>\n<\/tr>\n<tr>\n<td>ETAG 004<\/td>\n<td>\u2265 0,25<\/td>\n<\/tr>\n<tr>\n<td rowspan=\"2\">Is\u0131 Yal\u0131t\u0131m Levhas\u0131na Yap\u0131\u015fma Mukavemeti\u00a0 ( N\/mm\u00b2)<\/td>\n<td>TS EN 13494<\/td>\n<td>\u2265 0,08<\/td>\n<\/tr>\n<tr>\n<td>ETAG 004<\/td>\n<td>\u2265 0,08<\/td>\n<\/tr>\n<tr>\n<td>Su Emme De\u011feri ( kg\/m<sup>2<\/sup>.dakika<sup>0,5<\/sup>\u00a0)<\/td>\n<td>TS EN 1015-18<\/td>\n<td>\u02c2 0,5<\/td>\n<\/tr>\n<tr>\n<td>Su Buhar\u0131 Ge\u00e7irgenlik Katsay\u0131s\u0131 De\u011feri ( \u00b5)<\/td>\n<td>TS EN 1015-19<\/td>\n<td>\u2264 15<\/td>\n<\/tr>\n<tr>\n<td>Is\u0131l \u0130letkenlik Katsay\u0131s\u0131 ( \u028e<sub>10,kuru\u00a0<\/sub>W\/mK)<\/td>\n<td>TS EN 1745<\/td>\n<td>0,61 ( P=%50)<\/td>\n<\/tr>\n<tr>\n<td>Yang\u0131na Tepki S\u0131n\u0131f\u0131<\/td>\n<td>TS EN 13501-1<\/td>\n<td>A1<\/td>\n<\/tr>\n<\/tbody>\n<\/table>\n<p><b>\u00a0<i>Yukar\u0131daki bilgiler, 23\u00b0C \/ %50 nem ( laboratuvar ortam \u015fartlar\u0131) ortam ve uygulama s\u0131cakl\u0131\u011f\u0131nda ge\u00e7erlidir.<\/i><\/b><\/p>\n<p><b>\u00a0<\/b><\/p>\n<p><b>\u00a0\u00a0\u00a0\u00a0\u00a0 TS EN 13687 standard\u0131na uygundur.<\/b><\/p>\n<p><b>\u00a0<\/b><\/p>\n<p><b>Y\u00dcZEY HAZIRLI\u011eI<\/b><\/p>\n<p>Is\u0131 yal\u0131t\u0131m levhalar\u0131 sa\u011flam, alttaki y\u00fczeye kuvvetle yap\u0131\u015fm\u0131\u015f, temiz ve kuru olmal\u0131d\u0131r. Levhalar aras\u0131nda bo\u015fluklar bulunuyorsa bunlar ayn\u0131 levha kullan\u0131larak doldurulmal\u0131, y\u00fczey d\u00fczg\u00fcn hale getirilmelidir.<\/p>\n<p>&nbsp;<\/p>\n<p><b>UYGULAMA<\/b><\/p>\n<ul>\n<li>25 kg&#8217;l\u0131k ambalaj i\u00e7in yakla\u015f\u0131k 5,5-6,5 L temiz su ile topak kalmayacak \u015fekilde homojen bir kar\u0131\u015f\u0131m elde edilene kadar kar\u0131\u015ft\u0131r\u0131lmal\u0131d\u0131r. Haz\u0131rlana har\u00e7 5 dakika dinlendirilmeli, ard\u0131ndan hafif\u00e7e kar\u0131\u015ft\u0131r\u0131larak uygulamaya ge\u00e7ilmelidir. Klimatherm Is\u0131 Yal\u0131t\u0131m Levhas\u0131 S\u0131vama Harc\u0131, birinci kat i\u00e7in e\u015fit y\u00fczey kal\u0131nl\u0131\u011f\u0131 elde etmek amac\u0131yla 10&#215;10 mm tarakl\u0131 mala ile y\u00fczeye uygulan\u0131r.<\/li>\n<li>Hen\u00fcz kurumam\u0131\u015f harc\u0131n \u00fczerine 160 gr\/m\u00b2 donat\u0131 filesi, gerilerek ve katlanmadan yukar\u0131dan a\u015fa\u011f\u0131ya do\u011fru yerle\u015ftirilir. Birle\u015fim yerlerinden, donat\u0131 filesi 10 cm \u00fcst \u00fcste bindirilir ve y\u00fczey s\u0131vas\u0131n\u0131n \u00fcst\u00fcne yerle\u015ftirilir.<\/li>\n<li>Kap\u0131 ve pencere k\u00f6\u015felerinde ek bir par\u00e7a donat\u0131 filesi \u00e7apraz olarak yerle\u015ftirilir.<\/li>\n<li>\u0130kinci kat \u00e7imento bazl\u0131 y\u00fczey s\u0131vas\u0131, birinci kat \u00e7imento bazl\u0131 y\u00fczey s\u0131vas\u0131n\u0131n kurumas\u0131ndan hemen sonra yap\u0131l\u0131r.<\/li>\n<li>Y\u00fczey d\u00fczg\u00fcn bir \u015fekilde ikinci kat s\u0131van\u0131n kurumas\u0131na b\u0131rak\u0131larak sistem son kat dekoratif kaplama uygulamas\u0131na haz\u0131r hale getirilmek i\u00e7in bekletilir. \u00d6nerilen s\u00fcre min. 7 g\u00fcnd\u00fcr.<\/li>\n<li>S\u0131va uygulamas\u0131nda toplam kal\u0131nl\u0131k min 4 mm olmal\u0131d\u0131r. Kullan\u0131lacak olan har\u00e7 ise EPS Levha i\u00e7in 4,5-5 kg\/m<sup>2<\/sup>\u00a0den. Ta\u015fy\u00fcn\u00fc Levha i\u00e7in ise; 6 kg\/m<sup>2<\/sup>\u00a0den az olmamal\u0131d\u0131r.<\/li>\n<li>E\u011fer varsa dilatasyon derzleri kesinlikle y\u00fczey s\u0131vas\u0131 ile kapat\u0131lmamal\u0131, bu b\u00f6l\u00fcmler i\u00e7in dilatasyon profilleri kullan\u0131lmal\u0131d\u0131r.<\/li>\n<\/ul>\n<p>&nbsp;<\/p>\n<p><b>Sarfiyat Tablosu:<\/b><\/p>\n<table border=\"0\">\n<tbody>\n<tr>\n<td>\u00dcr\u00fcn Renk \/ Fiziksel \u00d6zellik<\/td>\n<td>Gri \/ Toz<\/td>\n<\/tr>\n<tr>\n<td>Kullan\u0131lacak su miktar\u0131\u00a0 (25 kg&#8217;l\u0131k ambalaj i\u00e7in)<\/td>\n<td>5,5-6,5 L<\/td>\n<\/tr>\n<tr>\n<td>T\u00fcketim\u00a0 EPS levhalar i\u00e7in<\/td>\n<td>4,5-5 kg\/ m\u00b2<\/td>\n<\/tr>\n<tr>\n<td>T\u00fcketim\u00a0 Ta\u015fy\u00fcn\u00fc levhalar i\u00e7in<\/td>\n<td>6 kg\/ m\u00b2<\/td>\n<\/tr>\n<tr>\n<td>Maksimum uygulama kal\u0131nl\u0131\u011f\u0131<\/td>\n<td>4 mm<\/td>\n<\/tr>\n<tr>\n<td>Maksimum uygulama kat kal\u0131nl\u0131\u011f\u0131<\/td>\n<td>2 mm<\/td>\n<\/tr>\n<\/tbody>\n<\/table>\n<p><b><i>Yukar\u0131daki bilgiler, 23\u00b0C \/ %50 nem ( laboratuvar ortam \u015fartlar\u0131) ortam ve uygulama s\u0131cakl\u0131\u011f\u0131nda ge\u00e7erlidir.<\/i><\/b><\/p>\n<p><b>\u00a0<\/b><\/p>\n<p><b>Ortam \u015eartlar\u0131:<\/b>\u00a0Uygulama s\u0131ras\u0131nda s\u0131cakl\u0131\u011f\u0131n +5 \u02daC ile +30 \u02daC aras\u0131nda olmas\u0131 gerekmektedir. G\u00fcne\u015fli, s\u0131cak ve r\u00fczgarl\u0131 ortamlarda ferekli koruma \u00f6nlemleri al\u0131nmal\u0131d\u0131r. Donmu\u015f, erimekte olan veya 24 saat i\u00e7erisinde don tehlikesi olan y\u00fczeylere uygulama yap\u0131lmamal\u0131d\u0131r.<\/p>\n<p><b>Alet Temizli\u011fi:\u00a0<\/b>\u00a0Uygulama sonras\u0131 mala, kar\u0131\u015ft\u0131r\u0131c\u0131, kova su ile y\u0131kanabilir.<\/p>\n<p><b>\u00a0<\/b><\/p>\n<p><b>RAF \u00d6MR\u00dc<\/b><\/p>\n<p>Depolama kolullar\u0131na uyuldu\u011funda; kraft torbalarda, ambalaj a\u00e7\u0131lmadan \u00fcretim tarihinden itibaren 1 y\u0131ld\u0131r.<\/p>\n<p>&nbsp;<\/p>\n<p><b>DEPOLAMA<\/b><\/p>\n<p>A\u00e7\u0131lmam\u0131\u015f ambalaj\u0131nda, palet \u00fczerinde, kuru ve rutubetsiz ortamlarda stoklanmal\u0131, nem ve don tehlikesinden korunmal\u0131d\u0131r.<\/p>\n<p>&nbsp;<\/p>\n<p><b>AMBALAJ<\/b><\/p>\n<table border=\"1\">\n<tbody>\n<tr>\n<td>Ambalaj Tipi<\/td>\n<td>Kraft torba<\/td>\n<\/tr>\n<tr>\n<td>Ambalaj A\u011f\u0131rl\u0131\u011f\u0131<\/td>\n<td>0,084 kg<\/td>\n<\/tr>\n<tr>\n<td>Ambalaj + \u00dcr\u00fcn A\u011f\u0131rl\u0131\u011f\u0131<\/td>\n<td>25 kg<\/td>\n<\/tr>\n<tr>\n<td>Bask\u0131l\u0131 \/ Bask\u0131s\u0131z<\/td>\n<td>Bask\u0131l\u0131 ( DYO KLIMATHERM)<\/td>\n<\/tr>\n<tr>\n<td>Renk<\/td>\n<td>K\u0131rm\u0131z\u0131 \/ Beyaz zemin \u00fczerine K\u0131rm\u0131z\u0131 \/ Mavi bask\u0131<\/td>\n<\/tr>\n<\/tbody>\n<\/table>\n","protected":false},"excerpt":{"rendered":"<p>Klimatherm Is\u0131 Yal\u0131t\u0131m Levhas\u0131 Elyaf Katk\u0131l\u0131 S\u0131vama Harc\u0131\u00a0: Is\u0131 yal\u0131t\u0131m levhalar\u0131n\u0131n \u00fczerine uygulama amac\u0131yla geli\u015ftirilmi\u015f polimerik ve elyaf katk\u0131larla g\u00fc\u00e7lendirilmi\u015f, TS EN 13687\u00a0 standard\u0131 kapsam\u0131nda \u00fcretilen ve G i\u015faretlemesine sahip \u0131s\u0131 yal\u0131t\u0131m levhas\u0131 s\u0131va harc\u0131d\u0131r. \u0130\u00e7 ve d\u0131\u015f cephelerde \u0131s\u0131 yal\u0131t\u0131m ama\u00e7l\u0131 olarak uygulanmas\u0131 yap\u0131lm\u0131\u015f olan XPS, EPS ve Ta\u015fy\u00fcn\u00fc levhalar\u0131n\u0131n \u00fczerine y\u00fczey s\u0131vas\u0131 olarak [&hellip;]<\/p>\n","protected":false},"author":1,"featured_media":0,"parent":0,"menu_order":0,"comment_status":"closed","ping_status":"closed","template":"","meta":{"site-sidebar-layout":"default","site-content-layout":"","ast-site-content-layout":"default","site-content-style":"default","site-sidebar-style":"default","ast-global-header-display":"","ast-banner-title-visibility":"","ast-main-header-display":"","ast-hfb-above-header-display":"","ast-hfb-below-header-display":"","ast-hfb-mobile-header-display":"","site-post-title":"","ast-breadcrumbs-content":"","ast-featured-img":"","footer-sml-layout":"","theme-transparent-header-meta":"default","adv-header-id-meta":"","stick-header-meta":"","header-above-stick-meta":"","header-main-stick-meta":"","header-below-stick-meta":"","astra-migrate-meta-layouts":"set","ast-page-background-enabled":"default","ast-page-background-meta":{"desktop":{"background-color":"","background-image":"","background-repeat":"repeat","background-position":"center center","background-size":"auto","background-attachment":"scroll","background-type":"","background-media":"","overlay-type":"","overlay-color":"","overlay-opacity":"","overlay-gradient":""},"tablet":{"background-color":"","background-image":"","background-repeat":"repeat","background-position":"center center","background-size":"auto","background-attachment":"scroll","background-type":"","background-media":"","overlay-type":"","overlay-color":"","overlay-opacity":"","overlay-gradient":""},"mobile":{"background-color":"","background-image":"","background-repeat":"repeat","background-position":"center center","background-size":"auto","background-attachment":"scroll","background-type":"","background-media":"","overlay-type":"","overlay-color":"","overlay-opacity":"","overlay-gradient":""}},"ast-content-background-meta":{"desktop":{"background-color":"var(--ast-global-color-5)","background-image":"","background-repeat":"repeat","background-position":"center center","background-size":"auto","background-attachment":"scroll","background-type":"","background-media":"","overlay-type":"","overlay-color":"","overlay-opacity":"","overlay-gradient":""},"tablet":{"background-color":"var(--ast-global-color-5)","background-image":"","background-repeat":"repeat","background-position":"center center","background-size":"auto","background-attachment":"scroll","background-type":"","background-media":"","overlay-type":"","overlay-color":"","overlay-opacity":"","overlay-gradient":""},"mobile":{"background-color":"var(--ast-global-color-5)","background-image":"","background-repeat":"repeat","background-position":"center center","background-size":"auto","background-attachment":"scroll","background-type":"","background-media":"","overlay-type":"","overlay-color":"","overlay-opacity":"","overlay-gradient":""}},"footnotes":""},"class_list":["post-991","page","type-page","status-publish","hentry"],"_links":{"self":[{"href":"http:\/\/huzuroglu.com\/index.php?rest_route=\/wp\/v2\/pages\/991","targetHints":{"allow":["GET"]}}],"collection":[{"href":"http:\/\/huzuroglu.com\/index.php?rest_route=\/wp\/v2\/pages"}],"about":[{"href":"http:\/\/huzuroglu.com\/index.php?rest_route=\/wp\/v2\/types\/page"}],"author":[{"embeddable":true,"href":"http:\/\/huzuroglu.com\/index.php?rest_route=\/wp\/v2\/users\/1"}],"replies":[{"embeddable":true,"href":"http:\/\/huzuroglu.com\/index.php?rest_route=%2Fwp%2Fv2%2Fcomments&post=991"}],"version-history":[{"count":1,"href":"http:\/\/huzuroglu.com\/index.php?rest_route=\/wp\/v2\/pages\/991\/revisions"}],"predecessor-version":[{"id":992,"href":"http:\/\/huzuroglu.com\/index.php?rest_route=\/wp\/v2\/pages\/991\/revisions\/992"}],"wp:attachment":[{"href":"http:\/\/huzuroglu.com\/index.php?rest_route=%2Fwp%2Fv2%2Fmedia&parent=991"}],"curies":[{"name":"wp","href":"https:\/\/api.w.org\/{rel}","templated":true}]}}