{"id":972,"date":"2023-10-31T14:27:31","date_gmt":"2023-10-31T11:27:31","guid":{"rendered":"http:\/\/huzuroglu.com\/?page_id=972"},"modified":"2023-10-31T14:32:36","modified_gmt":"2023-10-31T11:32:36","slug":"972-2","status":"publish","type":"page","link":"http:\/\/huzuroglu.com\/?page_id=972","title":{"rendered":"D\u00fcbel Grubu"},"content":{"rendered":"<p><img decoding=\"async\" class=\"alignnone wp-image-973\" src=\"http:\/\/huzuroglu.com\/wp-content\/uploads\/2023\/10\/GENIS-BASLIKLI-PLASTIK-CIVILI-DUBEL-300x300.png\" alt=\"\" width=\"182\" height=\"182\" srcset=\"http:\/\/huzuroglu.com\/wp-content\/uploads\/2023\/10\/GENIS-BASLIKLI-PLASTIK-CIVILI-DUBEL-300x300.png 300w, http:\/\/huzuroglu.com\/wp-content\/uploads\/2023\/10\/GENIS-BASLIKLI-PLASTIK-CIVILI-DUBEL-150x150.png 150w, http:\/\/huzuroglu.com\/wp-content\/uploads\/2023\/10\/GENIS-BASLIKLI-PLASTIK-CIVILI-DUBEL.png 720w\" sizes=\"(max-width: 182px) 100vw, 182px\" \/><\/p>\n<p><b>\u00dcR\u00dcN ADI: GEN\u0130\u015e BA\u015eLIKLI PLAST\u0130K \u00c7\u0130V\u0130L\u0130 D\u00dcBEL<\/b><\/p>\n<p><b>TANIM:\u00a0<\/b>Geni\u015f ba\u015fl\u0131kl\u0131 plastik \u00e7ividir.<\/p>\n<p><b>KULLANIM\u00a0 ALANI:\u00a0<\/b>Yal\u0131t\u0131m levhas\u0131n\u0131n ka\u0131l\u0131nl\u0131klar\u0131 \u00e7ok artt\u0131\u011f\u0131 zaman geni\u015f ba\u015fl\u0131kl\u0131 fakat plastik kaplamal\u0131 \u00e7elik g\u00f6vdeli \u00e7ivilerin(d\u00fcbellerin)kullan\u0131lmas\u0131 gereklidir.<\/p>\n<p><b>UYGULAMA<\/b><\/p>\n<p>Plastik d\u00fcbel g\u00f6vde \u00e7ap\u0131 10 mm.<\/p>\n<p>\u00c7elik saplamal\u0131 plastik kaplamal\u0131 d\u00fcbel g\u00f6vde \u00e7ap\u0131 8 mm.olmal\u0131d\u0131r.<\/p>\n<p>D\u00fcbel boyu dolu uygulama y\u00fczeyinden 3 cm i\u00e7eri girecek \u015fekilde se\u00e7ilmelidir.<\/p>\n<p>Delikli bo\u015fluklu uygulama y\u00fczeyinde ise; d\u00fcbelin ucu uygulama y\u00fczeyinden 5 cm. i\u00e7eri girecek \u015fekilde se\u00e7ilmelidir.<\/p>\n<p>D\u00fcbel ba\u015fl\u0131k 60 mm. olmal\u0131d\u0131r.<\/p>\n<p>D\u0131\u015f cephe \u0131s\u0131 izolasyonu mantolama uygulamalar\u0131nda kullan\u0131lacak izolasyon kal\u0131nl\u0131\u011f\u0131na ve yo\u011funlu\u011funa uygun d\u00fcbel kullan\u0131lmal\u0131d\u0131r.<\/p>\n<p>\u0130zolasyon kal\u0131nl\u0131\u011f\u0131 ile beraber uygulaman\u0131n yap\u0131laca\u011f\u0131 duvar yap\u0131s\u0131 da \u00f6nem ta\u015f\u0131r. Kullan\u0131lan d\u00fcbeller plastikten imal edilmi\u015f olmal\u0131d\u0131r.<\/p>\n<p>D\u00fcbel boyu \u2019\u2019Pano kal\u0131nl\u0131\u011f\u0131 + yap\u0131\u015ft\u0131rma kal\u0131nl\u0131\u011f\u0131 + min. 3cm y\u00fczey ba\u011flant\u0131s\u0131\u2019\u2019 olacak \u015fekilde\u00a0 olmal\u0131d\u0131r.<\/p>\n<p>Dolu uygulama y\u00fczeylerinde (br\u00fct beton) matkap \u00e7ap\u0131 d\u00fcbel \u00e7ap\u0131ndan en az 1 mm.\u2019den b\u00fcy\u00fck olmal\u0131d\u0131r.<\/p>\n<p>(10mm. D\u00fcbel 11-12 mm. matkap) matkap \u00e7ap\u0131 d\u00fcbelle ayn\u0131 kullan\u0131l\u0131rsa d\u00fcbel dolu uygulama y\u00fczeyinde a\u00e7ma yapmaz.<\/p>\n<p>Bo\u015fluklu uygulanan y\u00fczeylerinde izolasyon kal\u0131nl\u0131\u011f\u0131 ve y\u00fczeyin tutucu b\u00f6lgesi iyi hesaplanmal\u0131 ve uygun boyda d\u00fcbel kullan\u0131lmal\u0131d\u0131r.<\/p>\n<p><img decoding=\"async\" class=\"alignnone wp-image-974\" src=\"http:\/\/huzuroglu.com\/wp-content\/uploads\/2023\/10\/TAS-YUNU-DUBELI-CELIK-CIVILI-300x300.png\" alt=\"\" width=\"156\" height=\"156\" srcset=\"http:\/\/huzuroglu.com\/wp-content\/uploads\/2023\/10\/TAS-YUNU-DUBELI-CELIK-CIVILI-300x300.png 300w, http:\/\/huzuroglu.com\/wp-content\/uploads\/2023\/10\/TAS-YUNU-DUBELI-CELIK-CIVILI-150x150.png 150w, http:\/\/huzuroglu.com\/wp-content\/uploads\/2023\/10\/TAS-YUNU-DUBELI-CELIK-CIVILI.png 720w\" sizes=\"(max-width: 156px) 100vw, 156px\" \/><\/p>\n<p><b>\u00dcR\u00dcN ADI: TA\u015e Y\u00dcN\u00dc D\u00dcBEL\u0130 \u00c7EL\u0130K \u00c7\u0130V\u0130L\u0130<\/b><\/p>\n<p><b>TANIM:\u00a0<\/b>D\u0131\u015f cephe mantolama sisteminde,ta\u015f y\u00fcn\u00fc levhan\u0131n uygulamas\u0131nda kullan\u0131lmak \u00fczere geli\u015ftirilmi\u015f mantolama d\u00fcbelidir.<\/p>\n<p><b>KULLANIM ALANLARI:\u00a0<\/b>\u00dcr\u00fcn\u00fcn y\u0131rt\u0131lma tasar\u0131m\u0131 matkap \u00e7aplar\u0131 duvar \u00e7e\u015fidine g\u00f6re de\u011fi\u015ftirilerek t\u00fcm duvarlarda uygulanabilecek \u015fekilde tasarlanm\u0131\u015ft\u0131r. (Y\u0131rt\u0131lma tasar\u0131m\u0131 star plastik firmas\u0131n\u0131n patenti alt\u0131ndad\u0131r).<\/p>\n<p><b>UYGULAMA<\/b><\/p>\n<p>Ta\u015f y\u00fcn\u00fc d\u00fcbeli ba\u015fl\u0131k \u00e7ap\u0131 yonga malzemenin metre karede kullan\u0131lan 6 adet ba\u011flant\u0131 eleman\u0131yla daha geni\u015f y\u00fczeyi mekanik sabitlemesi i\u00e7in ba\u015fl\u0131k \u00e7ap\u0131 standart mantolama d\u00fcbellerinden %50 daha geni\u015ftir.<\/p>\n<p>Ge\u00e7mi\u015fte ta\u015fy\u00fcn\u00fc ba\u015fl\u0131\u011f\u0131yla geni\u015fleterek ula\u015f\u0131lan \u00e7ap \u00fcr\u00fcn \u00fcretiminde standart hale getirilmi\u015ftir.<\/p>\n<p>Sevki s\u0131ras\u0131nda ayr\u0131 ayr\u0131 ambalajlanmas\u0131 nedeni ile eski \u00fcr\u00fcnle aras\u0131nda navlun bedeli olarak ta %50 ekonomi sa\u011flamaktad\u0131r.<\/p>\n<p>Bo\u015fluklu tu\u011fla (tu\u011fla, izo tu\u011fla, bims) 8mm matkap \u00e7ap\u0131, br\u00fct beton 9 mm matkap \u00e7ap\u0131, gaz beton 8mm matkap \u00e7ap\u0131 sadece di\u011fer duvar y\u00fczeylerinde kullan\u0131lan boyun 1 cm uzunu tercih edilmelidir.<\/p>\n<table border=\"1\">\n<tbody>\n<tr>\n<td colspan=\"2\"><b>TEKN\u0130K \u00d6ZELL\u0130KLER<\/b><\/td>\n<\/tr>\n<tr>\n<td>Ta\u015f\u0131y\u0131c\u0131\u00a0 Zemine\u00a0 Ankraj\u00a0 Boyu<\/td>\n<td>50 mm<\/td>\n<\/tr>\n<tr>\n<td>Matkap \u00c7ap\u0131<\/td>\n<td>Bo\u015fluklu y\u00fczeyde 8 mm, dolu y\u00fczeyde 9 mm<\/td>\n<\/tr>\n<tr>\n<td>Pul \u00c7ap\u0131<\/td>\n<td>90 mm<\/td>\n<\/tr>\n<tr>\n<td>T\u00fcketim<\/td>\n<td>Is\u0131 yal\u0131t\u0131m sistemleri ile 1m\u00b2 i\u00e7in yakla\u015f\u0131k 6 adet<\/td>\n<\/tr>\n<\/tbody>\n<\/table>\n<p>&nbsp;<\/p>\n<p><b>\u00a0<\/b><\/p>\n<p>&nbsp;<\/p>\n<p>&nbsp;<\/p>\n<p>&nbsp;<\/p>\n<p>&nbsp;<\/p>\n<p>&nbsp;<\/p>\n<table border=\"1\">\n<tbody>\n<tr>\n<td colspan=\"3\"><b>\u00dcR\u00dcN BOYLARI VE PAKETLEME<\/b><\/td>\n<\/tr>\n<tr>\n<td><b>D\u00dcBEL BOYU(CM)<\/b><\/td>\n<td><b>\u00c7\u0130V\u0130<\/b><\/td>\n<td><b>AMBALAJ\u00a0 \u0130\u00c7\u0130 M\u0130KTAR (ADET)<\/b><\/td>\n<\/tr>\n<tr>\n<td>60x8x11,5<\/td>\n<td>\u00c7EL\u0130K<\/td>\n<td>500<\/td>\n<\/tr>\n<tr>\n<td>60x8x13,5<\/td>\n<td>\u00c7EL\u0130K<\/td>\n<td>500<\/td>\n<\/tr>\n<tr>\n<td>60x8x15,6<\/td>\n<td>\u00c7EL\u0130K<\/td>\n<td>500<\/td>\n<\/tr>\n<\/tbody>\n<\/table>\n<p>&nbsp;<\/p>\n<p><img decoding=\"async\" class=\"alignnone wp-image-975\" src=\"http:\/\/huzuroglu.com\/wp-content\/uploads\/2023\/10\/EURO-MEKANIK-TIRNAKLI-PLASTIK-CIVILI-DUBEL-300x300.png\" alt=\"\" width=\"147\" height=\"147\" srcset=\"http:\/\/huzuroglu.com\/wp-content\/uploads\/2023\/10\/EURO-MEKANIK-TIRNAKLI-PLASTIK-CIVILI-DUBEL-300x300.png 300w, http:\/\/huzuroglu.com\/wp-content\/uploads\/2023\/10\/EURO-MEKANIK-TIRNAKLI-PLASTIK-CIVILI-DUBEL-150x150.png 150w, http:\/\/huzuroglu.com\/wp-content\/uploads\/2023\/10\/EURO-MEKANIK-TIRNAKLI-PLASTIK-CIVILI-DUBEL.png 720w\" sizes=\"(max-width: 147px) 100vw, 147px\" \/><\/p>\n<p><b>\u00dcR\u00dcN ADI: EURO MEKAN\u0130K TIRNAKLI PLAST\u0130K \u00c7\u0130V\u0130L\u0130 D\u00dcBEL<\/b><\/p>\n<p><b>TANIM:\u00a0<\/b>D\u0131\u015f cephe mantolama uygulamalar\u0131nda duvar y\u00fczeyinin tutuculu\u011funa g\u00fcvenilmedi\u011fi durumlarda (bo\u015fluklu s\u0131vas\u0131z tu\u011fla) kullan\u0131lan d\u00fcbel mekanik t\u0131rnakl\u0131 mantolama d\u00fcbelidir.<\/p>\n<p><b>KULLANIM ALANLARI:\u00a0<\/b>Kalitesiz duvar y\u00fczeylerinde \u00f6zellikle duvar kaba s\u0131va ve ya s\u0131va \u00e7al\u0131\u015fmas\u0131 yok ise kullan\u0131lmas\u0131 gerekli d\u00fcbel, mekanik t\u0131rnakl\u0131 mantolama d\u00fcbelidir.<\/p>\n<p><b>UYGULAMA<\/b><\/p>\n<p>Duvar y\u00fczeyinin delinme s\u0131ras\u0131nda yap\u0131s\u0131ndan kaynaklanan delik \u00e7ap\u0131 b\u00fcy\u00fcmeleri (tutunma y\u00fczeylerinin k\u0131r\u0131lmas\u0131, da\u011f\u0131lmas\u0131 veya \u00e7atlamas\u0131) durumlar\u0131nda kendi a\u00e7\u0131lmas\u0131na ilave olarak yuvaya girerken kapanan,yuvaya girdi\u011finde bo\u015f bir alan buldu\u011funda kendili\u011finden a\u00e7\u0131lan mekanik t\u0131rnaklara sahiptir.<\/p>\n<p>Bu sayede delik \u00e7ap\u0131 ne kadar geni\u015flerse geni\u015flesin tutunmay\u0131 ger\u00e7ekle\u015ftirir.<\/p>\n<table border=\"1\">\n<tbody>\n<tr>\n<td colspan=\"2\"><b>TEKN\u0130K \u00d6ZELL\u0130KLER<\/b><\/td>\n<\/tr>\n<tr>\n<td>Ta\u015f\u0131y\u0131c\u0131\u00a0 Zemine\u00a0 Ankraj\u00a0 Boyu<\/td>\n<td>50 mm<\/td>\n<\/tr>\n<tr>\n<td>Matkap \u00c7ap\u0131<\/td>\n<td>8 mm<\/td>\n<\/tr>\n<tr>\n<td>Pul \u00c7ap\u0131<\/td>\n<td>60 mm<\/td>\n<\/tr>\n<tr>\n<td>T\u00fcketim<\/td>\n<td>Is\u0131 yal\u0131t\u0131m sistemleri ile 1m\u00b2 i\u00e7in yakla\u015f\u0131k 6 adet<\/td>\n<\/tr>\n<\/tbody>\n<\/table>\n<p><b>\u00a0\u00a0\u00a0\u00a0\u00a0\u00a0\u00a0<\/b><\/p>\n<p>&nbsp;<\/p>\n<p>&nbsp;<\/p>\n<p>&nbsp;<\/p>\n<p>&nbsp;<\/p>\n<p>&nbsp;<\/p>\n<p>&nbsp;<\/p>\n<table border=\"1\">\n<tbody>\n<tr>\n<td colspan=\"3\"><b>\u00dcR\u00dcN BOYLARI VE PAKETLEME<\/b><b>\u00a0<\/b><\/td>\n<\/tr>\n<tr>\n<td><b>D\u00dcBEL BOYU(CM)<\/b><\/td>\n<td><b>\u00c7\u0130V\u0130<\/b><\/td>\n<td><b>AMBALAJ \u0130\u00c7\u0130 M\u0130KTAR(ADET)<\/b><\/td>\n<\/tr>\n<tr>\n<td>60*8*9,5<\/td>\n<td>\u00c7EL\u0130K-PLAST\u0130K<\/td>\n<td>500<\/td>\n<\/tr>\n<tr>\n<td>60*8*11,5<\/td>\n<td>\u00c7EL\u0130K-PLAST\u0130K<\/td>\n<td>500<\/td>\n<\/tr>\n<tr>\n<td>60*8*13,5<\/td>\n<td>\u00c7EL\u0130K-PLAST\u0130K<\/td>\n<td>500<\/td>\n<\/tr>\n<tr>\n<td>60*8*15,5<\/td>\n<td>\u00c7EL\u0130K-PLAST\u0130K<\/td>\n<td>500<\/td>\n<\/tr>\n<\/tbody>\n<\/table>\n<p><img loading=\"lazy\" decoding=\"async\" class=\"alignnone wp-image-976\" src=\"http:\/\/huzuroglu.com\/wp-content\/uploads\/2023\/10\/EURO-PLASTIK-CELIK-CIVILI-DUBEL-2mavi-300x300.png\" alt=\"\" width=\"153\" height=\"153\" srcset=\"http:\/\/huzuroglu.com\/wp-content\/uploads\/2023\/10\/EURO-PLASTIK-CELIK-CIVILI-DUBEL-2mavi-300x300.png 300w, http:\/\/huzuroglu.com\/wp-content\/uploads\/2023\/10\/EURO-PLASTIK-CELIK-CIVILI-DUBEL-2mavi-150x150.png 150w, http:\/\/huzuroglu.com\/wp-content\/uploads\/2023\/10\/EURO-PLASTIK-CELIK-CIVILI-DUBEL-2mavi.png 720w\" sizes=\"(max-width: 153px) 100vw, 153px\" \/><img loading=\"lazy\" decoding=\"async\" class=\"alignnone wp-image-980\" style=\"font-weight: inherit;\" src=\"http:\/\/huzuroglu.com\/wp-content\/uploads\/2023\/10\/mavi2-300x300.png\" alt=\"\" width=\"143\" height=\"143\" srcset=\"http:\/\/huzuroglu.com\/wp-content\/uploads\/2023\/10\/mavi2-300x300.png 300w, http:\/\/huzuroglu.com\/wp-content\/uploads\/2023\/10\/mavi2-150x150.png 150w, http:\/\/huzuroglu.com\/wp-content\/uploads\/2023\/10\/mavi2.png 720w\" sizes=\"(max-width: 143px) 100vw, 143px\" \/><\/p>\n<p><b>\u00dcR\u00dcN ADI: EURO PLAST\u0130K\/\u00c7EL\u0130K \u00c7\u0130V\u0130L\u0130 D\u00dcBEL<\/b><\/p>\n<p><b>TANIM:\u00a0<\/b>Geni\u015f ba\u015fl\u0131kl\u0131 \u00e7elik-plastik \u00e7ivili veya vidal\u0131d\u0131r.<\/p>\n<p><b>KULLANIM ALANI:\u00a0<\/b>Gaz beton y\u00fczey haricinde, di\u011fer duvar y\u00fczeylerine ta\u015f y\u00fcn\u00fc uygulamas\u0131 yap\u0131l\u0131rken kullan\u0131lacak \u00fcr\u00fcn Euro \u00c7elik \u00c7ivili D\u00fcbeldir.<\/p>\n<p><b>\u00a0<\/b><\/p>\n<p><b>UYGULAMA<\/b><\/p>\n<p>Yal\u0131t\u0131m levhas\u0131n\u0131n kal\u0131nl\u0131klar\u0131 \u00e7ok artt\u0131\u011f\u0131 zaman,geni\u015f ba\u015fl\u0131kl\u0131 fakat plastik kaplamal\u0131 PA g\u00f6vdeli \u00e7ivilerin (d\u00fcbellerin)kullan\u0131lmal\u0131d\u0131r.<\/p>\n<p>Plastik d\u00fcbel g\u00f6vde \u00e7ap\u0131 8 mm olmal\u0131d\u0131r.<\/p>\n<p>D\u00fcbel boyu dolu uygulama y\u00fczeyinde, d\u00fcbelin ucu uygulama y\u00fczeyinden 4 cm i\u00e7eri girecek \u015fekilde se\u00e7ilmelidir.<\/p>\n<p>Delikli bo\u015fluklu uygulama y\u00fczeyinden 5 cm i\u00e7eri girecek \u015fekilde se\u00e7ilmelidir.<\/p>\n<p>D\u00fcbel ba\u015fl\u0131k 60 mm olmal\u0131d\u0131r.<\/p>\n<p>Ta\u015f y\u00fcn\u00fc levhan\u0131n yan\u0131 s\u0131ra yap\u0131lan izolasyon kal\u0131nl\u0131\u011f\u0131 10 cm ve \u00fczeri olacaksa,levha t\u00fcr\u00fc g\u00f6zetilmeden \u00e7elik \u00e7ivili d\u00fcbel kullan\u0131lmal\u0131d\u0131r.<\/p>\n<p>D\u00fcbel boyu se\u00e7imlerinde duvar yamukluklar\u0131 da g\u00f6z \u00f6n\u00fcnde bulundurulmal\u0131d\u0131r.<\/p>\n<p>Y\u00fcksek binalarda 10 kattan sonra,balkon altlar\u0131 ve kuzey cephelerde r\u00fczgar y\u00fck\u00fcn\u00fcn y\u00fcksek noktalara ula\u015ft\u0131\u011f\u0131 b\u00f6lgelerde de d\u00fcbel say\u0131s\u0131 m<sup>2<\/sup>\u2019de 6 adetten 8 adete<\/p>\n<p>&nbsp;<\/p>\n<p>\u00e7\u0131kar\u0131larak \u00e7elik vidal\u0131 d\u00fcbel kullan\u0131lmal\u0131d\u0131r.<\/p>\n<p>&nbsp;<\/p>\n<table border=\"1\">\n<tbody>\n<tr>\n<td colspan=\"2\"><b>TEKN\u0130K \u00d6ZELL\u0130KLER<\/b><\/td>\n<\/tr>\n<tr>\n<td>Ta\u015f\u0131y\u0131c\u0131\u00a0 Zemine\u00a0 Ankraj\u00a0 Boyu<\/td>\n<td>50 mm<\/td>\n<\/tr>\n<tr>\n<td>Matkap \u00c7ap\u0131<\/td>\n<td>8 mm<\/td>\n<\/tr>\n<tr>\n<td>Pul \u00c7ap\u0131<\/td>\n<td>60 mm<\/td>\n<\/tr>\n<tr>\n<td>T\u00fcketim<\/td>\n<td>Is\u0131 yal\u0131t\u0131m sistemleri ile 1m\u00b2 i\u00e7in yakla\u015f\u0131k 6 adet<\/td>\n<\/tr>\n<\/tbody>\n<\/table>\n<p><b>\u00a0<\/b><\/p>\n<table border=\"1\">\n<tbody>\n<tr>\n<td colspan=\"3\"><b>\u00dcR\u00dcN BOYLARI VE PAKETLEME<\/b><\/td>\n<\/tr>\n<tr>\n<td><b>D\u00dcBEL BOYU(CM)<\/b><\/td>\n<td><b>\u00c7\u0130V\u0130<\/b><\/td>\n<td><b>AMBALAJ \u0130\u00c7\u0130 M\u0130KTAR(ADET)<\/b><\/td>\n<\/tr>\n<tr>\n<td>60x8x9,5<\/td>\n<td>\u00c7EL\u0130K-PLAST\u0130K<\/td>\n<td>500<\/td>\n<\/tr>\n<tr>\n<td>60x8x11,5<\/td>\n<td>\u00c7EL\u0130K-PLAST\u0130K<\/td>\n<td>500<\/td>\n<\/tr>\n<tr>\n<td>60x8x13,5<\/td>\n<td>\u00c7EL\u0130K-PLAST\u0130K<\/td>\n<td>500<\/td>\n<\/tr>\n<tr>\n<td>60x8x15,5<\/td>\n<td>\u00c7EL\u0130K-PLAST\u0130K<\/td>\n<td>500<\/td>\n<\/tr>\n<tr>\n<td>60x8x180<\/td>\n<td>V\u0130DA<\/td>\n<td>200<\/td>\n<\/tr>\n<tr>\n<td>60x8x200<\/td>\n<td>V\u0130DA<\/td>\n<td>200<\/td>\n<\/tr>\n<tr>\n<td>60x8x220<\/td>\n<td>V\u0130DA<\/td>\n<td>200<\/td>\n<\/tr>\n<tr>\n<td>60x8x240<\/td>\n<td>V\u0130DA<\/td>\n<td>200<\/td>\n<\/tr>\n<tr>\n<td>60x8x260<\/td>\n<td>V\u0130DA<\/td>\n<td>200<\/td>\n<\/tr>\n<tr>\n<td>60x8x280<\/td>\n<td>V\u0130DA<\/td>\n<td>200<\/td>\n<\/tr>\n<tr>\n<td>60x8x300<\/td>\n<td>V\u0130DA<\/td>\n<td>200<\/td>\n<\/tr>\n<\/tbody>\n<\/table>\n<p><img loading=\"lazy\" decoding=\"async\" class=\"alignnone wp-image-977\" src=\"http:\/\/huzuroglu.com\/wp-content\/uploads\/2023\/10\/GAZ-BETON-PLASTIK-CIVILI-DUBEL-300x300.png\" alt=\"\" width=\"145\" height=\"145\" srcset=\"http:\/\/huzuroglu.com\/wp-content\/uploads\/2023\/10\/GAZ-BETON-PLASTIK-CIVILI-DUBEL-300x300.png 300w, http:\/\/huzuroglu.com\/wp-content\/uploads\/2023\/10\/GAZ-BETON-PLASTIK-CIVILI-DUBEL-150x150.png 150w, http:\/\/huzuroglu.com\/wp-content\/uploads\/2023\/10\/GAZ-BETON-PLASTIK-CIVILI-DUBEL.png 720w\" sizes=\"(max-width: 145px) 100vw, 145px\" \/><\/p>\n<p>&nbsp;<\/p>\n<p><b>\u00dcR\u00dcN ADI: GAZ BETON PLAST\u0130K \u00c7\u0130V\u0130L\u0130 D\u00dcBEL<\/b><\/p>\n<p><b>TANIM:\u00a0<\/b>Yal\u0131t\u0131m levhalar\u0131n\u0131n uygulama y\u00fczeyine mekanik olarak tespit etmek i\u00e7in kullan\u0131lan geri d\u00f6n\u00fc\u015f\u00fcme u\u011framam\u0131\u015f plastikten mamul veya tercihen polymit esasl\u0131 min. 0,20 kN \u00e7ekmek dayan\u0131m\u0131na sahip mekanik tespit elaman\u0131d\u0131r.<\/p>\n<p><b>KULLANIM ALANLARI:\u00a0<\/b>Gaz beton d\u00fcbeli, \u0131s\u0131 yal\u0131t\u0131m plakalar\u0131n\u0131n gaz beton y\u00fczeylere montaj\u0131nda kullan\u0131l\u0131r.<\/p>\n<p><b>UYGULAMA<\/b><\/p>\n<p>Gaz beton d\u00fcbel uygulama y\u00fczeyine izolasyon malzemesi hari\u00e7 en az 9 cm girmelidir.<\/p>\n<p>Gaz beton d\u00fcbelinin \u00e7al\u0131\u015fma prensibi 8 mm matkapla delinir, 11 adet ba\u011f\u0131ms\u0131z t\u0131rnak deli\u011fe girerken kendi i\u00e7ine batarak delik \u00e7ap\u0131n\u0131 de\u011fi\u015ftirmez.<\/p>\n<p>\u0130\u00e7ine \u00e7ivisi tak\u0131ld\u0131\u011f\u0131nda 11 adet ba\u011f\u0131ms\u0131z t\u0131rnak ayr\u0131 ayr\u0131 gaz betonun i\u00e7ine batar.<\/p>\n<p>Bu sayede aderans\u0131 zay\u0131f olan gaz beton \u00fczerinde b\u00fcy\u00fck bir aderans sa\u011flan\u0131r.<\/p>\n<p>\u00dcr\u00fcn, Gaz betonun i\u00e7ine minimum 9 cm. girmelidir.<\/p>\n<p>Matkap \u00e7ap\u0131 mutlaka 8 mm olmal\u0131d\u0131r. EPS ve XPS levhalarda plastik \u00e7ivili gaz beton d\u00fcbeli, ta\u015f y\u00fcn\u00fc levhalarda \u00e7elik \u00e7ivili gaz beton d\u00fcbeli, izolasyon d\u00fcbeli kullan\u0131lmal\u0131d\u0131r.<\/p>\n<p>D\u00fcbel boyu se\u00e7imi izolasyon kal\u0131nl\u0131\u011f\u0131 + 10 cm olarak se\u00e7ilmeli, duvar yamukluklar\u0131 g\u00f6z \u00f6n\u00fcnde bulundurulmal\u0131d\u0131r.<\/p>\n<p>&nbsp;<\/p>\n<table border=\"1\">\n<tbody>\n<tr>\n<td colspan=\"2\"><b>TEKN\u0130K \u00d6ZELL\u0130KLER<\/b><\/td>\n<\/tr>\n<tr>\n<td>Ta\u015f\u0131y\u0131c\u0131\u00a0 Zemine\u00a0 Ankraj\u00a0 Boyu<\/td>\n<td>50 mm<\/td>\n<\/tr>\n<tr>\n<td>Matkap \u00c7ap\u0131<\/td>\n<td>10 mm<\/td>\n<\/tr>\n<tr>\n<td>Pul \u00c7ap\u0131<\/td>\n<td>60 mm<\/td>\n<\/tr>\n<tr>\n<td>T\u00fcketim<\/td>\n<td>Is\u0131 yal\u0131t\u0131m sistemleri ile 1m\u00b2 i\u00e7in yakla\u015f\u0131k 6 adet<\/td>\n<\/tr>\n<\/tbody>\n<\/table>\n<p><b>\u00a0<\/b><\/p>\n<table border=\"1\">\n<tbody>\n<tr>\n<td colspan=\"3\"><b>\u00dcR\u00dcN BOYLARI VE PAKETLEME<\/b><\/td>\n<\/tr>\n<tr>\n<td><b>D\u00dcBEL BOYU(CM)<\/b><\/td>\n<td><b>\u00c7\u0130V\u0130<\/b><\/td>\n<td><b>AMBALAJ \u0130\u00c7\u0130 M\u0130KTAR(ADET)<\/b><\/td>\n<\/tr>\n<tr>\n<td>60x8x160<\/td>\n<td>Plastik<\/td>\n<td>200<\/td>\n<\/tr>\n<tr>\n<td>60x8x160<\/td>\n<td>\u00c7elik<\/td>\n<td>200<\/td>\n<\/tr>\n<tr>\n<td>60x8x160<\/td>\n<td>Vida<\/td>\n<td>200<\/td>\n<\/tr>\n<tr>\n<td>60x8x160<\/td>\n<td>Vida<\/td>\n<td>200<\/td>\n<\/tr>\n<tr>\n<td>60x8x160<\/td>\n<td>Vida<\/td>\n<td>200<\/td>\n<\/tr>\n<tr>\n<td>60x8x160<\/td>\n<td>Vida<\/td>\n<td>200<\/td>\n<\/tr>\n<tr>\n<td>60x8x160<\/td>\n<td>Vida<\/td>\n<td>200<\/td>\n<\/tr>\n<tr>\n<td>60x8x160<\/td>\n<td>Vida<\/td>\n<td>200<\/td>\n<\/tr>\n<tr>\n<td>60x8x160<\/td>\n<td>Vida<\/td>\n<td>200<\/td>\n<\/tr>\n<\/tbody>\n<\/table>\n<p><img loading=\"lazy\" decoding=\"async\" class=\"alignnone wp-image-978\" src=\"http:\/\/huzuroglu.com\/wp-content\/uploads\/2023\/10\/SU-BASMAN-DUBELI-300x300.png\" alt=\"\" width=\"124\" height=\"124\" srcset=\"http:\/\/huzuroglu.com\/wp-content\/uploads\/2023\/10\/SU-BASMAN-DUBELI-300x300.png 300w, http:\/\/huzuroglu.com\/wp-content\/uploads\/2023\/10\/SU-BASMAN-DUBELI-150x150.png 150w, http:\/\/huzuroglu.com\/wp-content\/uploads\/2023\/10\/SU-BASMAN-DUBELI.png 720w\" sizes=\"(max-width: 124px) 100vw, 124px\" \/><\/p>\n<p><b>\u00dcR\u00dcN ADI: SU BASMAN D\u00dcBEL\u0130<\/b><\/p>\n<p><b>TANIM:\u00a0<\/b>Su basman d\u00fcbelleri ba\u015flang\u0131\u00e7 profillerini duvar y\u00fczeyinin \u00e7e\u015fitlili\u011fine g\u00f6re, do\u011fru ve sa\u011flam ba\u011flant\u0131 yapmak i\u00e7in kullan\u0131l\u0131r.Sistemin ta\u015f\u0131y\u0131c\u0131l\u0131\u011f\u0131n\u0131 yapan profilin ba\u011flant\u0131 eleman\u0131 sistemin en \u00f6nemli detaylar\u0131ndan biridir. \u00c7\u00fcnk\u00fc y\u00fck\u00fcn tamam\u0131n\u0131 ba\u011flant\u0131 elaman\u0131 ta\u015f\u0131r. D\u00fcbel ve vida boylar\u0131 izolasyon ve duvar kal\u0131nl\u0131\u011f\u0131na g\u00f6re uygulan\u0131r.<\/p>\n<p><strong>\u00a0<\/strong><\/p>\n<table border=\"1\">\n<tbody>\n<tr>\n<td colspan=\"2\"><b>TEKN\u0130K \u00d6ZELL\u0130KLER<\/b><\/td>\n<\/tr>\n<tr>\n<td>Ta\u015f\u0131y\u0131c\u0131\u00a0 Zemine\u00a0 Ankraj\u00a0 Boyu<\/td>\n<td>50 mm<\/td>\n<\/tr>\n<tr>\n<td>Matkap \u00c7ap\u0131<\/td>\n<td>8 mm<\/td>\n<\/tr>\n<\/tbody>\n<\/table>\n<p><b>\u00a0 \u00a0 \u00a0 \u00a0\u00a0<\/b><\/p>\n<table border=\"1\">\n<tbody>\n<tr>\n<td colspan=\"3\"><b>\u00a0<\/b><b>\u00dcR\u00dcN BOYLARI VE PAKETLEME<\/b><\/td>\n<\/tr>\n<tr>\n<td><b>D\u00dcBEL BOYU(CM)<\/b><\/td>\n<td><b>\u00c7\u0130V\u0130<\/b><\/td>\n<td><b>AMBALAJ \u0130\u00c7\u0130 M\u0130KTAR(ADET)<\/b><\/td>\n<\/tr>\n<tr>\n<td>8&#215;80<\/td>\n<td>V\u0130DASIZ<\/td>\n<td>1000<\/td>\n<\/tr>\n<tr>\n<td>8&#215;100<\/td>\n<td>V\u0130DASIZ<\/td>\n<td>1000<\/td>\n<\/tr>\n<tr>\n<td>8&#215;120<\/td>\n<td>V\u0130DASIZ<\/td>\n<td>1000<\/td>\n<\/tr>\n<tr>\n<td>8&#215;80<\/td>\n<td>V\u0130DALI<\/td>\n<td>1000<\/td>\n<\/tr>\n<tr>\n<td>8&#215;100<\/td>\n<td>V\u0130DALI<\/td>\n<td>1000<\/td>\n<\/tr>\n<tr>\n<td>8&#215;120<\/td>\n<td>V\u0130DALI<\/td>\n<td>1000<\/td>\n<\/tr>\n<\/tbody>\n<\/table>\n","protected":false},"excerpt":{"rendered":"<p>\u00dcR\u00dcN ADI: GEN\u0130\u015e BA\u015eLIKLI PLAST\u0130K \u00c7\u0130V\u0130L\u0130 D\u00dcBEL TANIM:\u00a0Geni\u015f ba\u015fl\u0131kl\u0131 plastik \u00e7ividir. KULLANIM\u00a0 ALANI:\u00a0Yal\u0131t\u0131m levhas\u0131n\u0131n ka\u0131l\u0131nl\u0131klar\u0131 \u00e7ok artt\u0131\u011f\u0131 zaman geni\u015f ba\u015fl\u0131kl\u0131 fakat plastik kaplamal\u0131 \u00e7elik g\u00f6vdeli \u00e7ivilerin(d\u00fcbellerin)kullan\u0131lmas\u0131 gereklidir. UYGULAMA Plastik d\u00fcbel g\u00f6vde \u00e7ap\u0131 10 mm. \u00c7elik saplamal\u0131 plastik kaplamal\u0131 d\u00fcbel g\u00f6vde \u00e7ap\u0131 8 mm.olmal\u0131d\u0131r. D\u00fcbel boyu dolu uygulama y\u00fczeyinden 3 cm i\u00e7eri girecek \u015fekilde se\u00e7ilmelidir. Delikli [&hellip;]<\/p>\n","protected":false},"author":1,"featured_media":0,"parent":0,"menu_order":0,"comment_status":"closed","ping_status":"closed","template":"","meta":{"site-sidebar-layout":"default","site-content-layout":"","ast-site-content-layout":"default","site-content-style":"default","site-sidebar-style":"default","ast-global-header-display":"","ast-banner-title-visibility":"","ast-main-header-display":"","ast-hfb-above-header-display":"","ast-hfb-below-header-display":"","ast-hfb-mobile-header-display":"","site-post-title":"","ast-breadcrumbs-content":"","ast-featured-img":"","footer-sml-layout":"","theme-transparent-header-meta":"default","adv-header-id-meta":"","stick-header-meta":"","header-above-stick-meta":"","header-main-stick-meta":"","header-below-stick-meta":"","astra-migrate-meta-layouts":"set","ast-page-background-enabled":"default","ast-page-background-meta":{"desktop":{"background-color":"","background-image":"","background-repeat":"repeat","background-position":"center center","background-size":"auto","background-attachment":"scroll","background-type":"","background-media":"","overlay-type":"","overlay-color":"","overlay-opacity":"","overlay-gradient":""},"tablet":{"background-color":"","background-image":"","background-repeat":"repeat","background-position":"center center","background-size":"auto","background-attachment":"scroll","background-type":"","background-media":"","overlay-type":"","overlay-color":"","overlay-opacity":"","overlay-gradient":""},"mobile":{"background-color":"","background-image":"","background-repeat":"repeat","background-position":"center center","background-size":"auto","background-attachment":"scroll","background-type":"","background-media":"","overlay-type":"","overlay-color":"","overlay-opacity":"","overlay-gradient":""}},"ast-content-background-meta":{"desktop":{"background-color":"var(--ast-global-color-5)","background-image":"","background-repeat":"repeat","background-position":"center center","background-size":"auto","background-attachment":"scroll","background-type":"","background-media":"","overlay-type":"","overlay-color":"","overlay-opacity":"","overlay-gradient":""},"tablet":{"background-color":"var(--ast-global-color-5)","background-image":"","background-repeat":"repeat","background-position":"center center","background-size":"auto","background-attachment":"scroll","background-type":"","background-media":"","overlay-type":"","overlay-color":"","overlay-opacity":"","overlay-gradient":""},"mobile":{"background-color":"var(--ast-global-color-5)","background-image":"","background-repeat":"repeat","background-position":"center center","background-size":"auto","background-attachment":"scroll","background-type":"","background-media":"","overlay-type":"","overlay-color":"","overlay-opacity":"","overlay-gradient":""}},"footnotes":""},"class_list":["post-972","page","type-page","status-publish","hentry"],"_links":{"self":[{"href":"http:\/\/huzuroglu.com\/index.php?rest_route=\/wp\/v2\/pages\/972","targetHints":{"allow":["GET"]}}],"collection":[{"href":"http:\/\/huzuroglu.com\/index.php?rest_route=\/wp\/v2\/pages"}],"about":[{"href":"http:\/\/huzuroglu.com\/index.php?rest_route=\/wp\/v2\/types\/page"}],"author":[{"embeddable":true,"href":"http:\/\/huzuroglu.com\/index.php?rest_route=\/wp\/v2\/users\/1"}],"replies":[{"embeddable":true,"href":"http:\/\/huzuroglu.com\/index.php?rest_route=%2Fwp%2Fv2%2Fcomments&post=972"}],"version-history":[{"count":3,"href":"http:\/\/huzuroglu.com\/index.php?rest_route=\/wp\/v2\/pages\/972\/revisions"}],"predecessor-version":[{"id":988,"href":"http:\/\/huzuroglu.com\/index.php?rest_route=\/wp\/v2\/pages\/972\/revisions\/988"}],"wp:attachment":[{"href":"http:\/\/huzuroglu.com\/index.php?rest_route=%2Fwp%2Fv2%2Fmedia&parent=972"}],"curies":[{"name":"wp","href":"https:\/\/api.w.org\/{rel}","templated":true}]}}