{"id":969,"date":"2023-10-31T14:22:28","date_gmt":"2023-10-31T11:22:28","guid":{"rendered":"http:\/\/huzuroglu.com\/?page_id=969"},"modified":"2023-10-31T14:22:28","modified_gmt":"2023-10-31T11:22:28","slug":"profil-grubu","status":"publish","type":"page","link":"http:\/\/huzuroglu.com\/?page_id=969","title":{"rendered":"Profil Grubu"},"content":{"rendered":"<p><img fetchpriority=\"high\" decoding=\"async\" class=\"alignnone size-medium wp-image-970\" src=\"http:\/\/huzuroglu.com\/wp-content\/uploads\/2023\/10\/profilgurubu-300x201.jpg\" alt=\"\" width=\"300\" height=\"201\" srcset=\"http:\/\/huzuroglu.com\/wp-content\/uploads\/2023\/10\/profilgurubu-300x201.jpg 300w, http:\/\/huzuroglu.com\/wp-content\/uploads\/2023\/10\/profilgurubu.jpg 450w\" sizes=\"(max-width: 300px) 100vw, 300px\" \/><\/p>\n<p>&nbsp;<\/p>\n<p><b>\u00dcR\u00dcN ADI:\u00a0<\/b><strong>PVC K\u00f6\u015fe Profili Fileli<\/strong><\/p>\n<p><b>TANIM:\u00a0<\/b>Is\u0131 yal\u0131t\u0131m sistemlerinde yard\u0131mc\u0131 ekipman olarak kullan\u0131lan fileli pvc k\u00f6\u015fe profillerini kapsamaktad\u0131r.<\/p>\n<p><b>\u00d6ZELL\u0130KLER\u0130:\u00a0<\/b>2,50 metre uzunlu\u011funda fileli pvc k\u00f6\u015fe profili<\/p>\n<p><b>KULLANIM ALANLARI:\u00a0<\/b>Bina bo\u015fluklar\u0131n\u0131n (pencere, kap\u0131 vb.) \u00fcst ve yan kenarlar\u0131nda ve bina k\u00f6\u015feleri<\/p>\n<p><b>UYGULAMA:\u00a0<\/b>D\u00fcbelleme i\u015flemi bittikten sonra, pencere, kap\u0131 ve duvar k\u00f6\u015felerinde d\u00fczg\u00fcn bir kenar olu\u015fturmak i\u00e7in k\u00f6\u015fe profilleri kullan\u0131l\u0131r. S\u0131va kat\u0131nda d\u00fczg\u00fcnl\u00fck sa\u011flar. \u0130\u00e7 ve d\u0131\u015f ko\u015felerde \u0131s\u0131 yal\u0131t\u0131m levhalar\u0131n\u0131n yap\u0131\u015ft\u0131r\u0131l\u0131p d\u00fcbellenmesi sonras\u0131nda uygulan\u0131r. Sa\u011flam, d\u00fczg\u00fcn ve keskin hatlar\u0131n sa\u011flanmas\u0131 i\u00e7in ilk kat s\u0131va \u00fczerine \u00e7el,ik mala ile tutturulup ikinci kat s\u0131va yap\u0131larak bitirilir.<\/p>\n<p><b>AMBALAJ:\u00a0<\/b>Her bir ambalajda toplam 62,5 metre bulunmaktad\u0131r.<\/p>\n<p><b>DEPOLAMA:\u00a0<\/b>\u00dcr\u00fcnler, kuru ve nemsiz ortamlarda depolanmal\u0131d\u0131r.<\/p>\n<p><strong>\u00a0<\/strong><\/p>\n<p><strong>\u00dcR\u00dcN ADI: Al\u00fcminyum K\u00f6\u015fe Profili Fileli<\/strong><\/p>\n<p><b>TANIM:\u00a0<\/b>Is\u0131 yal\u0131t\u0131m sistemlerinde yard\u0131mc\u0131 ekipman olarak kullan\u0131lan fileli al\u00fcminyum k\u00f6\u015fe profillerini kapsamaktad\u0131r.<\/p>\n<p><b>\u00d6ZELL\u0130KLER\u0130:\u00a0<\/b>2,50 metre uzunlu\u011funda fileli al\u00fcminyum k\u00f6\u015fe profili<\/p>\n<p><b>KULLANIM ALANLARI:\u00a0<\/b>Bina bo\u015fluklar\u0131n\u0131n (pencere, kap\u0131 vb.) \u00fcst ve yan kenarlar\u0131nda ve bina k\u00f6\u015feleri<\/p>\n<p><b>UYGULAMA:\u00a0<\/b>D\u00fcbelleme i\u015flemi bittikten sonra, pencere, kap\u0131 ve duvar k\u00f6\u015felerinde d\u00fczg\u00fcn bir kenar olu\u015fturmak i\u00e7in k\u00f6\u015fe profilleri kullan\u0131l\u0131r. S\u0131va kat\u0131nda d\u00fczg\u00fcnl\u00fck sa\u011flar.<\/p>\n<p><b>AMBALAJ:\u00a0<\/b>Her bir ambalajda toplam 75 metre bulunmaktad\u0131r.<\/p>\n<p><b>DEPOLAMA:\u00a0<\/b>\u00dcr\u00fcnler, kuru ve nemsiz ortamlarda depolanmal\u0131d\u0131r.<\/p>\n<div class=\"cl\">\n<p><b>\u00dcR\u00dcN ADI<\/b><b>:\u00a0<\/b><strong>Al\u00fcminyum Su Basman Profili ( 43mm, 53mm, 63mm)<\/strong><\/p>\n<p><b>TANIM:\u00a0<\/b>Is\u0131 yal\u0131t\u0131m sistemlerinde yard\u0131mc\u0131 ekipman olarak kullan\u0131lan al\u00fcminyum su basman profillerini kapsamaktad\u0131r.<\/p>\n<p><b>\u00d6ZELL\u0130KLER\u0130:\u00a0<\/b>2,50 metre uzunlu\u011funda paslanmaz al\u00fcminyum<\/p>\n<p><b>KULLANIM ALANLARI:\u00a0<\/b>Is\u0131 yal\u0131t\u0131m sistemlerinin en alt\u0131nda dikey biti\u015fi olu\u015fturmakta kullan\u0131l\u0131r.\u00a0 Yal\u0131t\u0131m sisteminin alt kenar\u0131nda d\u00fczg\u00fcnl\u00fc\u011f\u00fc sa\u011flar.<\/p>\n<p><b>UYGULAMA:\u00a0<\/b>Subasman profilleri tercih edilen yal\u0131t\u0131m levhas\u0131 kal\u0131nl\u0131\u011f\u0131na g\u00f6re y\u00fczeye monte edilir. Monte edilirken kullan\u0131lan d\u00fcbeller 50 cm aral\u0131klarla tespit edilir. Profillerin g\u00f6nyelenmesi i\u00e7in Klimatherm takoz veya pabu\u00e7lar kullan\u0131labilir.<\/p>\n<p><b>AMBALAJ:\u00a0<\/b>Her bir ambalajda toplam 25 metre bulunmaktad\u0131r.<\/p>\n<p><b>DEPOLAMA:\u00a0<\/b>\u00dcr\u00fcnler, kuru ve nemsiz ortamlarda depolanmal\u0131d\u0131r.<\/p>\n<\/div>\n<div class=\"cl\">\n<p>&nbsp;<\/p>\n<p><b>\u00dcR\u00dcN ADI:\u00a0<\/b><strong>PVC Denizlik Uzatma Profili (50mm ve 80mm)<\/strong><\/p>\n<p><b>TANIM:\u00a0<\/b>Is\u0131 yal\u0131t\u0131m sistemlerinde yard\u0131mc\u0131 ekipman olarak kullan\u0131lan pvc denizlik uzatma profillerini kapsamaktad\u0131r.<\/p>\n<p><b>\u00d6ZELL\u0130KLER\u0130:\u00a0<\/b>3,0 metre uzunlu\u011funda olup 50 mm ve 80 mm geni\u015fliklerdeki pvc profil<\/p>\n<p><b>KULLANIM ALANLARI:\u00a0<\/b>Is\u0131 yal\u0131t\u0131m uygulamalar\u0131nda, ihtiya\u00e7 duyulan pencere denizliklerini uzatmada kullan\u0131l\u0131r.<\/p>\n<p><b>UYGULAMA:\u00a0<\/b>D\u0131\u015f cephe mantolama uygulamalar\u0131 sonunda kullan\u0131lan izolasyon kal\u0131nl\u0131\u011f\u0131na g\u00f6re cam \u00f6nlerindeki mermelerin \u00f6n\u00fcne ge\u00e7irilir.<\/p>\n<p><b>AMBALAJ:\u00a0<\/b>Her bir ambalajda toplam 30 metre bulunmaktad\u0131r.<\/p>\n<p><b>DEPOLAMA:\u00a0<\/b>\u00dcr\u00fcnler, kuru ve nemsiz ortamlarda depolanmal\u0131d\u0131r.<\/p>\n<p>&nbsp;<\/p>\n<p><b>\u00dcR\u00dcN ADI:\u00a0<\/b><strong>PVC Damlal\u0131k Profili Fileli<\/strong><\/p>\n<p><b>TANIM:\u00a0<\/b>Is\u0131 yal\u0131t\u0131m sistemlerinde yard\u0131mc\u0131 ekipman olarak kullan\u0131lan fileli pvc damlal\u0131k profillerini kapsamaktad\u0131r.<\/p>\n<p><b>\u00d6ZELL\u0130KLER\u0130:\u00a0<\/b>2,50 metre uzunlu\u011funda pvc profil<\/p>\n<p><b>KULLANIM ALANLARI:\u00a0<\/b>Bina bo\u015fluklar\u0131n\u0131n (pencere, kap\u0131 vb.) \u00fcst kenarlar\u0131nda kullan\u0131l\u0131r.<\/p>\n<p><b>UYGULAMA:\u00a0<\/b>Damlal\u0131k sayesinde cephe y\u00fczeyinden akan suyun kap\u0131 ve pencere merkezlerine do\u011fru s\u0131zmalar\u0131n\u0131 engeller.<\/p>\n<p><b>AMBALAJ:\u00a0<\/b>Her bir ambalajda toplam 62,5 metre bulunmaktad\u0131r.<\/p>\n<p><b>DEPOLAMA:\u00a0<\/b>\u00dcr\u00fcnler, kuru ve nemsiz ortamlarda depolanmal\u0131d\u0131r.<\/p>\n<\/div>\n","protected":false},"excerpt":{"rendered":"<p>&nbsp; \u00dcR\u00dcN ADI:\u00a0PVC K\u00f6\u015fe Profili Fileli TANIM:\u00a0Is\u0131 yal\u0131t\u0131m sistemlerinde yard\u0131mc\u0131 ekipman olarak kullan\u0131lan fileli pvc k\u00f6\u015fe profillerini kapsamaktad\u0131r. \u00d6ZELL\u0130KLER\u0130:\u00a02,50 metre uzunlu\u011funda fileli pvc k\u00f6\u015fe profili KULLANIM ALANLARI:\u00a0Bina bo\u015fluklar\u0131n\u0131n (pencere, kap\u0131 vb.) \u00fcst ve yan kenarlar\u0131nda ve bina k\u00f6\u015feleri UYGULAMA:\u00a0D\u00fcbelleme i\u015flemi bittikten sonra, pencere, kap\u0131 ve duvar k\u00f6\u015felerinde d\u00fczg\u00fcn bir kenar olu\u015fturmak i\u00e7in k\u00f6\u015fe profilleri kullan\u0131l\u0131r. [&hellip;]<\/p>\n","protected":false},"author":1,"featured_media":0,"parent":0,"menu_order":0,"comment_status":"closed","ping_status":"closed","template":"","meta":{"site-sidebar-layout":"default","site-content-layout":"","ast-site-content-layout":"default","site-content-style":"default","site-sidebar-style":"default","ast-global-header-display":"","ast-banner-title-visibility":"","ast-main-header-display":"","ast-hfb-above-header-display":"","ast-hfb-below-header-display":"","ast-hfb-mobile-header-display":"","site-post-title":"","ast-breadcrumbs-content":"","ast-featured-img":"","footer-sml-layout":"","theme-transparent-header-meta":"default","adv-header-id-meta":"","stick-header-meta":"","header-above-stick-meta":"","header-main-stick-meta":"","header-below-stick-meta":"","astra-migrate-meta-layouts":"set","ast-page-background-enabled":"default","ast-page-background-meta":{"desktop":{"background-color":"","background-image":"","background-repeat":"repeat","background-position":"center center","background-size":"auto","background-attachment":"scroll","background-type":"","background-media":"","overlay-type":"","overlay-color":"","overlay-opacity":"","overlay-gradient":""},"tablet":{"background-color":"","background-image":"","background-repeat":"repeat","background-position":"center center","background-size":"auto","background-attachment":"scroll","background-type":"","background-media":"","overlay-type":"","overlay-color":"","overlay-opacity":"","overlay-gradient":""},"mobile":{"background-color":"","background-image":"","background-repeat":"repeat","background-position":"center center","background-size":"auto","background-attachment":"scroll","background-type":"","background-media":"","overlay-type":"","overlay-color":"","overlay-opacity":"","overlay-gradient":""}},"ast-content-background-meta":{"desktop":{"background-color":"var(--ast-global-color-5)","background-image":"","background-repeat":"repeat","background-position":"center center","background-size":"auto","background-attachment":"scroll","background-type":"","background-media":"","overlay-type":"","overlay-color":"","overlay-opacity":"","overlay-gradient":""},"tablet":{"background-color":"var(--ast-global-color-5)","background-image":"","background-repeat":"repeat","background-position":"center center","background-size":"auto","background-attachment":"scroll","background-type":"","background-media":"","overlay-type":"","overlay-color":"","overlay-opacity":"","overlay-gradient":""},"mobile":{"background-color":"var(--ast-global-color-5)","background-image":"","background-repeat":"repeat","background-position":"center center","background-size":"auto","background-attachment":"scroll","background-type":"","background-media":"","overlay-type":"","overlay-color":"","overlay-opacity":"","overlay-gradient":""}},"footnotes":""},"class_list":["post-969","page","type-page","status-publish","hentry"],"_links":{"self":[{"href":"http:\/\/huzuroglu.com\/index.php?rest_route=\/wp\/v2\/pages\/969","targetHints":{"allow":["GET"]}}],"collection":[{"href":"http:\/\/huzuroglu.com\/index.php?rest_route=\/wp\/v2\/pages"}],"about":[{"href":"http:\/\/huzuroglu.com\/index.php?rest_route=\/wp\/v2\/types\/page"}],"author":[{"embeddable":true,"href":"http:\/\/huzuroglu.com\/index.php?rest_route=\/wp\/v2\/users\/1"}],"replies":[{"embeddable":true,"href":"http:\/\/huzuroglu.com\/index.php?rest_route=%2Fwp%2Fv2%2Fcomments&post=969"}],"version-history":[{"count":1,"href":"http:\/\/huzuroglu.com\/index.php?rest_route=\/wp\/v2\/pages\/969\/revisions"}],"predecessor-version":[{"id":971,"href":"http:\/\/huzuroglu.com\/index.php?rest_route=\/wp\/v2\/pages\/969\/revisions\/971"}],"wp:attachment":[{"href":"http:\/\/huzuroglu.com\/index.php?rest_route=%2Fwp%2Fv2%2Fmedia&parent=969"}],"curies":[{"name":"wp","href":"https:\/\/api.w.org\/{rel}","templated":true}]}}