{"id":958,"date":"2023-10-31T14:17:14","date_gmt":"2023-10-31T11:17:14","guid":{"rendered":"http:\/\/huzuroglu.com\/?page_id=958"},"modified":"2023-10-31T14:20:58","modified_gmt":"2023-10-31T11:20:58","slug":"klimatherm-xps-isi-yalitim-levhasi","status":"publish","type":"page","link":"http:\/\/huzuroglu.com\/?page_id=958","title":{"rendered":"Klimatherm-XPS Is\u0131 Yal\u0131t\u0131m Levhas\u0131"},"content":{"rendered":"<p><b>TANIM:<\/b><\/p>\n<p>Homojen h\u00fccre yap\u0131s\u0131na sahip, polistirenden ekstr\u00fczyon y\u00f6ntemi ile \u00fcretilmi\u015f \u0131s\u0131 yal\u0131t\u0131m malzemesidir.<\/p>\n<p>&nbsp;<\/p>\n<p><b>KULLANIM ALANLARI:<\/b><\/p>\n<p>D\u0131\u015f Cephe \u0131s\u0131 yal\u0131t\u0131m sistemlerinde \u0131s\u0131 yal\u0131t\u0131m paneli olarak kullan\u0131l\u0131r.<\/p>\n<p>&nbsp;<\/p>\n<p><b>TEKN\u0130K DATALAR<\/b><\/p>\n<table border=\"0\">\n<tbody>\n<tr>\n<td><b>KALINLIK<\/b><\/td>\n<td><b>YO\u011eUNLUK<\/b><\/td>\n<td><b>ISI D\u0130RENC\u0130<\/b><\/td>\n<td><b>YANGIN SINIFI<\/b><\/td>\n<\/tr>\n<tr>\n<td rowspan=\"5\">20-70 mm<\/td>\n<td>24-26 kg\/m\u00b3<\/td>\n<td rowspan=\"5\">1,40 m\u00b2K\/W<\/td>\n<td rowspan=\"5\">E<\/td>\n<\/tr>\n<tr>\n<td>28-30 kg\/m\u00b3<\/td>\n<\/tr>\n<tr>\n<td><b>ISI \u0130LETKENL\u0130K KATSAYISI<\/b><\/td>\n<\/tr>\n<tr>\n<td>0,034 W\/m.K<\/td>\n<\/tr>\n<tr>\n<td>0,032 W\/m.K<\/td>\n<\/tr>\n<\/tbody>\n<\/table>\n<p><b><i>Tablo1- Teknik Datalar<\/i><\/b><\/p>\n<p>&nbsp;<\/p>\n<p><b>TS EN 13499:2006<\/b>\u00a0ET\u0130CS (Genle\u015ftirilmi\u015f Polistiren Esasl\u0131 Harici Kompozit Is\u0131 Yal\u0131t\u0131m Sistemleri) sistem standard\u0131na g\u00f6re kabul kriterleri a\u015fa\u011f\u0131daki tabloda verilmi\u015ftir.<\/p>\n<table border=\"1\">\n<tbody>\n<tr>\n<td><b>Karakteristik \u00d6zellikler<\/b><\/td>\n<td><b>Sa\u011flanmas\u0131 Gereken \u015eartlar<\/b><\/td>\n<td><b>TS EN 13164 Standard\u0131 Kabul S\u0131n\u0131f\u0131<\/b><\/td>\n<\/tr>\n<tr>\n<td>Beyan Edilen Is\u0131l Diren\u00e7<\/td>\n<td>R<sub>D<\/sub>\u00a0\u22651,00m<sup>2<\/sup>K\/W<\/td>\n<td>S\u0131n\u0131r de\u011fer<\/td>\n<\/tr>\n<tr>\n<td>Y\u00fczeye Dik \u00c7ekme Dayan\u0131m\u0131<\/td>\n<td>\u2265200 kPa<\/td>\n<td>TR 200<\/td>\n<\/tr>\n<tr>\n<td>Belirli S\u0131cakl\u0131k ve Nem Ko\u015fullar\u0131nda Boyut Kararl\u0131l\u0131\u011f\u0131 (23\u00b12) \u02daC ve % (90\u00b15) 48 saat bekleme sonras\u0131<\/td>\n<td>\u2264%2<\/td>\n<td>DS(TH)<\/td>\n<\/tr>\n<tr>\n<td>D\u00fczl\u00fck Tolerans\u0131<\/td>\n<td>\u00b15mm<\/td>\n<td>S\u0131n\u0131r De\u011fer<\/td>\n<\/tr>\n<tr>\n<td>Uzunluk Tolerans\u0131<\/td>\n<td>\u00b12mm<\/td>\n<td>S\u0131n\u0131r De\u011fer<\/td>\n<\/tr>\n<tr>\n<td>Geni\u015flik Tolerans\u0131<\/td>\n<td>\u00b12mm<\/td>\n<td>S\u0131n\u0131r De\u011fer<\/td>\n<\/tr>\n<tr>\n<td>G\u00f6nyeden Sapma Tolerans\u0131<\/td>\n<td>\u00b15mm\/m<\/td>\n<td>S<sub>b<\/sub><\/td>\n<\/tr>\n<tr>\n<td>Kal\u0131nl\u0131k Tolerans\u0131<\/td>\n<td>\u00b11mm<\/td>\n<td>T3<\/td>\n<\/tr>\n<tr>\n<td>Tam Dald\u0131rmayla Uzun S\u00fcreli Su Emme(hacimce)<\/td>\n<td>\u22641,5<\/td>\n<td>WL(T)1,5<\/td>\n<\/tr>\n<\/tbody>\n<\/table>\n<p><b><i>Tablo5- D\u0131\u015ftan Is\u0131 Yal\u0131t\u0131m\u0131nda Kullan\u0131lacak XPS Is\u0131 Yal\u0131t\u0131m Levhalar\u0131n\u0131n \u00d6zellikleri<\/i><\/b><\/p>\n<p><b><i>\u00a0<\/i><\/b><\/p>\n<p>TS EN 13164+A1:2015\u00a0 Ekstrude Polistiren K\u00f6p\u00fckl\u00fc (XPS) Fabrikasyon Mam\u00fclleri standard\u0131<\/p>\n<p>TS EN 13499:2006 ET\u0130CS Genle\u015ftirilmi\u015f Polistiren Esasl\u0131 Harici Kompozit Is\u0131 Yal\u0131t\u0131m Sistemleri standard\u0131 kabul kriterlerine uygun \u00fcretilmektedir.<\/p>\n<p>&nbsp;<\/p>\n<p><b>UYARILAR:<\/b><\/p>\n<p>\u00dcr\u00fcn a\u015f\u0131r\u0131 s\u0131caklardan korumak i\u00e7in ortam havaland\u0131r\u0131lmal\u0131d\u0131r.<\/p>\n<p>Uygulama ve depolama esnas\u0131nda direkt g\u00fcne\u015f \u0131\u015f\u0131\u011f\u0131na maruz b\u0131rak\u0131lmamal\u0131d\u0131r.<\/p>\n<p>Solvent i\u00e7eren maddelerle temas etmesi sak\u0131ncal\u0131d\u0131r.<\/p>\n<p>Yan\u0131c\u0131 ve parlay\u0131c\u0131 malzmelerden uzak tutulmal\u0131d\u0131r.<\/p>\n<p>Her t\u00fcrl\u00fc \u0131s\u0131 kayna\u011f\u0131ndan uzak tutulmal\u0131d\u0131r.<\/p>\n","protected":false},"excerpt":{"rendered":"<p>TANIM: Homojen h\u00fccre yap\u0131s\u0131na sahip, polistirenden ekstr\u00fczyon y\u00f6ntemi ile \u00fcretilmi\u015f \u0131s\u0131 yal\u0131t\u0131m malzemesidir. &nbsp; KULLANIM ALANLARI: D\u0131\u015f Cephe \u0131s\u0131 yal\u0131t\u0131m sistemlerinde \u0131s\u0131 yal\u0131t\u0131m paneli olarak kullan\u0131l\u0131r. &nbsp; TEKN\u0130K DATALAR KALINLIK YO\u011eUNLUK ISI D\u0130RENC\u0130 YANGIN SINIFI 20-70 mm 24-26 kg\/m\u00b3 1,40 m\u00b2K\/W E 28-30 kg\/m\u00b3 ISI \u0130LETKENL\u0130K KATSAYISI 0,034 W\/m.K 0,032 W\/m.K Tablo1- Teknik Datalar &nbsp; [&hellip;]<\/p>\n","protected":false},"author":1,"featured_media":0,"parent":0,"menu_order":0,"comment_status":"closed","ping_status":"closed","template":"","meta":{"site-sidebar-layout":"default","site-content-layout":"","ast-site-content-layout":"default","site-content-style":"default","site-sidebar-style":"default","ast-global-header-display":"","ast-banner-title-visibility":"","ast-main-header-display":"","ast-hfb-above-header-display":"","ast-hfb-below-header-display":"","ast-hfb-mobile-header-display":"","site-post-title":"","ast-breadcrumbs-content":"","ast-featured-img":"","footer-sml-layout":"","theme-transparent-header-meta":"default","adv-header-id-meta":"","stick-header-meta":"","header-above-stick-meta":"","header-main-stick-meta":"","header-below-stick-meta":"","astra-migrate-meta-layouts":"set","ast-page-background-enabled":"default","ast-page-background-meta":{"desktop":{"background-color":"","background-image":"","background-repeat":"repeat","background-position":"center center","background-size":"auto","background-attachment":"scroll","background-type":"","background-media":"","overlay-type":"","overlay-color":"","overlay-opacity":"","overlay-gradient":""},"tablet":{"background-color":"","background-image":"","background-repeat":"repeat","background-position":"center center","background-size":"auto","background-attachment":"scroll","background-type":"","background-media":"","overlay-type":"","overlay-color":"","overlay-opacity":"","overlay-gradient":""},"mobile":{"background-color":"","background-image":"","background-repeat":"repeat","background-position":"center center","background-size":"auto","background-attachment":"scroll","background-type":"","background-media":"","overlay-type":"","overlay-color":"","overlay-opacity":"","overlay-gradient":""}},"ast-content-background-meta":{"desktop":{"background-color":"var(--ast-global-color-5)","background-image":"","background-repeat":"repeat","background-position":"center center","background-size":"auto","background-attachment":"scroll","background-type":"","background-media":"","overlay-type":"","overlay-color":"","overlay-opacity":"","overlay-gradient":""},"tablet":{"background-color":"var(--ast-global-color-5)","background-image":"","background-repeat":"repeat","background-position":"center center","background-size":"auto","background-attachment":"scroll","background-type":"","background-media":"","overlay-type":"","overlay-color":"","overlay-opacity":"","overlay-gradient":""},"mobile":{"background-color":"var(--ast-global-color-5)","background-image":"","background-repeat":"repeat","background-position":"center center","background-size":"auto","background-attachment":"scroll","background-type":"","background-media":"","overlay-type":"","overlay-color":"","overlay-opacity":"","overlay-gradient":""}},"footnotes":""},"class_list":["post-958","page","type-page","status-publish","hentry"],"_links":{"self":[{"href":"http:\/\/huzuroglu.com\/index.php?rest_route=\/wp\/v2\/pages\/958","targetHints":{"allow":["GET"]}}],"collection":[{"href":"http:\/\/huzuroglu.com\/index.php?rest_route=\/wp\/v2\/pages"}],"about":[{"href":"http:\/\/huzuroglu.com\/index.php?rest_route=\/wp\/v2\/types\/page"}],"author":[{"embeddable":true,"href":"http:\/\/huzuroglu.com\/index.php?rest_route=\/wp\/v2\/users\/1"}],"replies":[{"embeddable":true,"href":"http:\/\/huzuroglu.com\/index.php?rest_route=%2Fwp%2Fv2%2Fcomments&post=958"}],"version-history":[{"count":2,"href":"http:\/\/huzuroglu.com\/index.php?rest_route=\/wp\/v2\/pages\/958\/revisions"}],"predecessor-version":[{"id":967,"href":"http:\/\/huzuroglu.com\/index.php?rest_route=\/wp\/v2\/pages\/958\/revisions\/967"}],"wp:attachment":[{"href":"http:\/\/huzuroglu.com\/index.php?rest_route=%2Fwp%2Fv2%2Fmedia&parent=958"}],"curies":[{"name":"wp","href":"https:\/\/api.w.org\/{rel}","templated":true}]}}