{"id":950,"date":"2023-10-31T14:16:38","date_gmt":"2023-10-31T11:16:38","guid":{"rendered":"http:\/\/huzuroglu.com\/?page_id=950"},"modified":"2023-10-31T14:18:50","modified_gmt":"2023-10-31T11:18:50","slug":"klimatherm-karbonmaxi-isi-yalitim-levhasi","status":"publish","type":"page","link":"http:\/\/huzuroglu.com\/?page_id=950","title":{"rendered":"Klimatherm-Karbonmaxi Is\u0131 Yal\u0131t\u0131m Levhas\u0131"},"content":{"rendered":"<p><strong>Klimatherm Karbonmaxi Is\u0131 Yal\u0131t\u0131m Levhas\u0131,<\/strong>\u00a0TS EN 13163:2012+A2 standard\u0131na uygun olarak \u00fcretilen, Karbon \/ Grafit takviyeli genle\u015ftirilmi\u015f\u00a0 Polistren (EPS) \u0131s\u0131 yal\u0131t\u0131m levhas\u0131d\u0131r. D\u0131\u015f cephe \u0131s\u0131 yal\u0131t\u0131m sistemlerinde (ETICS) kullan\u0131lmak \u00fczere\u00a0 TS EN 13499 standard\u0131na uygun olarak \u00fcretilmi\u015ftir.<\/p>\n<p>&nbsp;<\/p>\n<p><b>\u00d6ZELL\u0130KLER\u0130:<\/b><\/p>\n<p>M\u00fckemmel \u0131s\u0131 yal\u0131t\u0131m,<\/p>\n<p>Esnek mekanik \u00f6zellikler,<\/p>\n<p>Kolay ta\u015f\u0131nabilme,<\/p>\n<p>Su emmeye kar\u015f\u0131 y\u00fcksek diren\u00e7,<\/p>\n<p>Binalar\u0131n nefes almas\u0131n\u0131 sa\u011flayan su buhar\u0131 ge\u00e7irgenli\u011fi,<\/p>\n<p>\u0130\u00e7 duvarlarda nem, rutubet olu\u015fmas\u0131n\u0131 ve boya d\u00f6k\u00fclmelerini \u00f6nleme.<\/p>\n<p>&nbsp;<\/p>\n<p><b>UYGULAMA ALANI:<\/b><\/p>\n<p>D\u0131\u015f cephe \u0131s\u0131 yal\u0131t\u0131m sistemi bile\u015feni olup, Klimatherm Is\u0131 Yal\u0131t\u0131m levha Yap\u0131\u015ft\u0131rma harc\u0131 ile birlikte y\u00fczeye yap\u0131\u015ft\u0131r\u0131lmaktad\u0131r. Uygulama sonras\u0131 d\u00fcbelleme i\u015flemine ge\u00e7ilir.<\/p>\n<p>&nbsp;<\/p>\n<p><b>Tablo1- EPS Is\u0131 Yal\u0131t\u0131m Levhalar\u0131 Teknik Datalar:<\/b><\/p>\n<table border=\"0\">\n<tbody>\n<tr>\n<td><strong>Enxboy\u00a0 cm<\/strong><\/td>\n<td><strong>Kal\u0131nl\u0131k\u00a0 \u00a0cm<\/strong><\/td>\n<td><strong>Paket<\/strong><br \/>\n<strong>Adet<\/strong><\/td>\n<td><strong>Paket<\/strong><br \/>\n<strong>m\u00b3<\/strong><\/td>\n<td><strong>Alan<\/strong><br \/>\n<strong>\u00a0m\u00b2<\/strong><\/td>\n<td><strong>Is\u0131l \u0130letkenlik<\/strong><br \/>\n<strong>\u03bb (W\/m.K)<\/strong><\/td>\n<td><strong>\u00a0Is\u0131l Diren\u00e7<\/strong><\/p>\n<p><strong>R<sub>D<\/sub>\u00a0(m<sup>2<\/sup>.K\/W)<\/strong><\/td>\n<td><strong>Su Buhar\u0131 Dif\u00fczyon Diren\u00e7 Fakt\u00f6r\u00fc\u00a0\u00b5<\/strong><\/td>\n<\/tr>\n<tr>\n<td rowspan=\"10\">50&#215;100<\/td>\n<td>1<\/td>\n<td>50<\/td>\n<td>0,25<\/td>\n<td>25<\/td>\n<td rowspan=\"10\">0,034<\/td>\n<td>\u2265 0,350<\/td>\n<td rowspan=\"10\">20-40<\/td>\n<\/tr>\n<tr>\n<td>2<\/td>\n<td>25<\/td>\n<td>0,25<\/td>\n<td>12,5<\/td>\n<td>\u2265 0,700<\/td>\n<\/tr>\n<tr>\n<td>3<\/td>\n<td>16<\/td>\n<td>0,24<\/td>\n<td>8<\/td>\n<td>\u2265 1,00<\/td>\n<\/tr>\n<tr>\n<td>4<\/td>\n<td>12<\/td>\n<td>0,24<\/td>\n<td>6<\/td>\n<td>\u2265 1,350<\/td>\n<\/tr>\n<tr>\n<td>5<\/td>\n<td>10<\/td>\n<td>0,25<\/td>\n<td>5<\/td>\n<td>\u2265 1,650<\/td>\n<\/tr>\n<tr>\n<td>6<\/td>\n<td>8<\/td>\n<td>0,24<\/td>\n<td>4<\/td>\n<td>\u2265 2,000<\/td>\n<\/tr>\n<tr>\n<td>7<\/td>\n<td>7<\/td>\n<td>0,245<\/td>\n<td>3,5<\/td>\n<td>\u2265 2,350<\/td>\n<\/tr>\n<tr>\n<td>8<\/td>\n<td>6<\/td>\n<td>0,24<\/td>\n<td>3<\/td>\n<td>\u2265 2,650<\/td>\n<\/tr>\n<tr>\n<td>9<\/td>\n<td>5<\/td>\n<td>0,225<\/td>\n<td>2,5<\/td>\n<td>\u2265 3,000<\/td>\n<\/tr>\n<tr>\n<td>10<\/td>\n<td>5<\/td>\n<td>0,25<\/td>\n<td>2,5<\/td>\n<td>\u2265 3,300<\/td>\n<\/tr>\n<\/tbody>\n<\/table>\n<p><b>\u00a0<\/b><\/p>\n<p><b>TS EN 13499:2006<\/b>\u00a0Genle\u015ftirilmi\u015f Polistiren Esasl\u0131 Harici Kompozit Is\u0131 Yal\u0131t\u0131m Sistemleri (ET\u0130CS) sistem standard\u0131na g\u00f6re teknik kriterler \u00c7izelge 1\u2019de verilmi\u015ftir.<\/p>\n<p>&nbsp;<\/p>\n<p><b>TEKN\u0130K \u00d6ZELL\u0130KLER<\/b><\/p>\n<p><b><img fetchpriority=\"high\" decoding=\"async\" src=\"https:\/\/klimatherm.com.tr\/UserFiles\/Teknik-%C3%B6zellikler.PNG\" alt=\"\" width=\"526\" height=\"300\" \/><\/b><\/p>\n<p>&nbsp;<\/p>\n<p>*Dyo Is\u0131 Yal\u0131t\u0131m Levhalar\u0131, TS EN 13163 ve TS EN 13499 d\u0131\u015f cephede Is\u0131 yal\u0131t\u0131m Levhas\u0131 olarak kullan\u0131ma uygundur.<\/p>\n<p>&nbsp;<\/p>\n<p><b>TS EN 13501-1+A1: 2013\u00a0<\/b>standartlar\u0131na g\u00f6re yang\u0131na tepki s\u0131n\u0131f\u0131 E olarak verilmektedir.<\/p>\n<p>&nbsp;<\/p>\n<p><b>UYARILAR:<\/b><\/p>\n<p>Direkt g\u00fcne\u015f \u0131\u015f\u0131\u011f\u0131na maruz b\u0131rak\u0131lmamal\u0131d\u0131r.<\/p>\n<p>Solvent i\u00e7eren maddelerle temas etmesi sak\u0131ncal\u0131d\u0131r.<\/p>\n<p>Yan\u0131c\u0131 ve parlay\u0131c\u0131 malzmelerden uzak tutulmal\u0131d\u0131r.<\/p>\n<p>Her t\u00fcrl\u00fc \u0131s\u0131 kayna\u011f\u0131ndan uzak tutulmal\u0131d\u0131r.<\/p>\n","protected":false},"excerpt":{"rendered":"<p>Klimatherm Karbonmaxi Is\u0131 Yal\u0131t\u0131m Levhas\u0131,\u00a0TS EN 13163:2012+A2 standard\u0131na uygun olarak \u00fcretilen, Karbon \/ Grafit takviyeli genle\u015ftirilmi\u015f\u00a0 Polistren (EPS) \u0131s\u0131 yal\u0131t\u0131m levhas\u0131d\u0131r. D\u0131\u015f cephe \u0131s\u0131 yal\u0131t\u0131m sistemlerinde (ETICS) kullan\u0131lmak \u00fczere\u00a0 TS EN 13499 standard\u0131na uygun olarak \u00fcretilmi\u015ftir. &nbsp; \u00d6ZELL\u0130KLER\u0130: M\u00fckemmel \u0131s\u0131 yal\u0131t\u0131m, Esnek mekanik \u00f6zellikler, Kolay ta\u015f\u0131nabilme, Su emmeye kar\u015f\u0131 y\u00fcksek diren\u00e7, Binalar\u0131n nefes almas\u0131n\u0131 sa\u011flayan [&hellip;]<\/p>\n","protected":false},"author":1,"featured_media":0,"parent":0,"menu_order":0,"comment_status":"closed","ping_status":"closed","template":"","meta":{"site-sidebar-layout":"default","site-content-layout":"","ast-site-content-layout":"default","site-content-style":"default","site-sidebar-style":"default","ast-global-header-display":"","ast-banner-title-visibility":"","ast-main-header-display":"","ast-hfb-above-header-display":"","ast-hfb-below-header-display":"","ast-hfb-mobile-header-display":"","site-post-title":"","ast-breadcrumbs-content":"","ast-featured-img":"","footer-sml-layout":"","theme-transparent-header-meta":"default","adv-header-id-meta":"","stick-header-meta":"","header-above-stick-meta":"","header-main-stick-meta":"","header-below-stick-meta":"","astra-migrate-meta-layouts":"set","ast-page-background-enabled":"default","ast-page-background-meta":{"desktop":{"background-color":"","background-image":"","background-repeat":"repeat","background-position":"center center","background-size":"auto","background-attachment":"scroll","background-type":"","background-media":"","overlay-type":"","overlay-color":"","overlay-opacity":"","overlay-gradient":""},"tablet":{"background-color":"","background-image":"","background-repeat":"repeat","background-position":"center center","background-size":"auto","background-attachment":"scroll","background-type":"","background-media":"","overlay-type":"","overlay-color":"","overlay-opacity":"","overlay-gradient":""},"mobile":{"background-color":"","background-image":"","background-repeat":"repeat","background-position":"center center","background-size":"auto","background-attachment":"scroll","background-type":"","background-media":"","overlay-type":"","overlay-color":"","overlay-opacity":"","overlay-gradient":""}},"ast-content-background-meta":{"desktop":{"background-color":"var(--ast-global-color-5)","background-image":"","background-repeat":"repeat","background-position":"center center","background-size":"auto","background-attachment":"scroll","background-type":"","background-media":"","overlay-type":"","overlay-color":"","overlay-opacity":"","overlay-gradient":""},"tablet":{"background-color":"var(--ast-global-color-5)","background-image":"","background-repeat":"repeat","background-position":"center center","background-size":"auto","background-attachment":"scroll","background-type":"","background-media":"","overlay-type":"","overlay-color":"","overlay-opacity":"","overlay-gradient":""},"mobile":{"background-color":"var(--ast-global-color-5)","background-image":"","background-repeat":"repeat","background-position":"center center","background-size":"auto","background-attachment":"scroll","background-type":"","background-media":"","overlay-type":"","overlay-color":"","overlay-opacity":"","overlay-gradient":""}},"footnotes":""},"class_list":["post-950","page","type-page","status-publish","hentry"],"_links":{"self":[{"href":"http:\/\/huzuroglu.com\/index.php?rest_route=\/wp\/v2\/pages\/950","targetHints":{"allow":["GET"]}}],"collection":[{"href":"http:\/\/huzuroglu.com\/index.php?rest_route=\/wp\/v2\/pages"}],"about":[{"href":"http:\/\/huzuroglu.com\/index.php?rest_route=\/wp\/v2\/types\/page"}],"author":[{"embeddable":true,"href":"http:\/\/huzuroglu.com\/index.php?rest_route=\/wp\/v2\/users\/1"}],"replies":[{"embeddable":true,"href":"http:\/\/huzuroglu.com\/index.php?rest_route=%2Fwp%2Fv2%2Fcomments&post=950"}],"version-history":[{"count":2,"href":"http:\/\/huzuroglu.com\/index.php?rest_route=\/wp\/v2\/pages\/950\/revisions"}],"predecessor-version":[{"id":963,"href":"http:\/\/huzuroglu.com\/index.php?rest_route=\/wp\/v2\/pages\/950\/revisions\/963"}],"wp:attachment":[{"href":"http:\/\/huzuroglu.com\/index.php?rest_route=%2Fwp%2Fv2%2Fmedia&parent=950"}],"curies":[{"name":"wp","href":"https:\/\/api.w.org\/{rel}","templated":true}]}}