{"id":948,"date":"2023-10-31T14:16:13","date_gmt":"2023-10-31T11:16:13","guid":{"rendered":"http:\/\/huzuroglu.com\/?page_id=948"},"modified":"2023-10-31T14:18:21","modified_gmt":"2023-10-31T11:18:21","slug":"klimatherm-tasyunu-isi-yalitim-levhasi-tasyunumaxi","status":"publish","type":"page","link":"http:\/\/huzuroglu.com\/?page_id=948","title":{"rendered":"Klimatherm-Ta\u015fy\u00fcn\u00fc Is\u0131 Yal\u0131t\u0131m Levhas\u0131 Ta\u015fy\u00fcn\u00fcmaxi"},"content":{"rendered":"<p><strong>Klimatherm Ta\u015fy\u00fcn\u00fcmaxi Is\u0131 Yal\u0131t\u0131m Levhas\u0131,\u00a0<\/strong>TS EN 13162, TS EN 13500 ve ETAG004 standartlar\u0131na uygun olarak \u00fcretilen Klimatherm Ta\u015fy\u00fcn\u00fcmaxi, Mineral yan \u00dcr\u00fcnler i\u00e7in \u00fcretilmi\u015f \u0131s\u0131 yal\u0131t\u0131m malzemesidir.<\/p>\n<p>&nbsp;<\/p>\n<p><b>\u00d6ZELL\u0130KLER\u0130<\/b><\/p>\n<ul>\n<li>M\u00fckemmel \u0131s\u0131 yal\u0131t\u0131m,<\/li>\n<li>Su emmeye kar\u015f\u0131 y\u00fcksek diren\u00e7,<\/li>\n<li>Binalar\u0131n nefes almas\u0131n\u0131 sa\u011flayan su buhar\u0131 ge\u00e7irgenli\u011fi,<\/li>\n<li>\u0130\u00e7 duvarlarda nem, rutubet olu\u015fmas\u0131n\u0131 ve boya d\u00f6k\u00fclmelerini \u00f6nleme.<\/li>\n<\/ul>\n<p>&nbsp;<\/p>\n<p><a href=\"https:\/\/klimatherm.com.tr\/UserFiles\/\/tasyunu_maxi_brosur.pdf\"><b>Ta\u015fy\u00fcn\u00fcmaxi el bro\u015f\u00fcr\u00fcn\u00fc incelemek i\u00e7in t\u0131klay\u0131n\u0131z<\/b><\/a><\/p>\n<p><a href=\"https:\/\/klimatherm.com.tr\/UserFiles\/\/tasyunu_maxi_brosur.pdf\">\u00a0<\/a><\/p>\n<p>&nbsp;<\/p>\n<p><b>UYGULAMA ALANI<\/b><\/p>\n<p>D\u0131\u015f cephe \u0131s\u0131 yal\u0131t\u0131m sistem bile\u015feni olup, Klimatherm Is\u0131 Yal\u0131t\u0131m Levha Yap\u0131\u015ft\u0131rma Harc\u0131 ile birlikte y\u00fczeye yap\u0131\u015ft\u0131r\u0131lmaktad\u0131r.<\/p>\n<p><b>TEKN\u0130K \u00d6ZELL\u0130KLER<\/b><\/p>\n<table border=\"1\">\n<tbody>\n<tr>\n<td><b>Karakteristik \u00d6zellikler<\/b><\/td>\n<td><b>Kabul Kriteri<\/b><\/td>\n<td><b>S\u0131n\u0131f De\u011feri<\/b><\/td>\n<td><b>TS EN 13162<\/b><\/p>\n<p><b>\u0130lgili Standartlar<\/b><\/td>\n<\/tr>\n<tr>\n<td>Is\u0131l Diren\u00e7, R<sub>d<\/sub><\/td>\n<td>\u00a0\u2265 1,00m<sup>2<\/sup>K\/W<\/td>\n<td>S\u0131n\u0131r de\u011fer<\/td>\n<td>TS EN 13162<\/td>\n<\/tr>\n<tr>\n<td>Is\u0131 iletkenlik De\u011feri, \u028e<sub>ort.<\/sub><\/td>\n<td>0,036 \u2264 \u028e<sub>10<\/sub>\u00a0\u2264 0,040W\/m.K<\/td>\n<td>S\u0131n\u0131r De\u011fer<\/td>\n<td>TS EN 12667<\/td>\n<\/tr>\n<tr>\n<td>Y\u00fczeye Dik \u00c7ekme Dayan\u0131m\u0131, t<\/td>\n<td>\u22657,5 kPa<\/td>\n<td>TR 7,5<\/td>\n<td>TS EN 1607<\/td>\n<\/tr>\n<tr>\n<td>Boyutsal kararl\u0131l\u0131k, DS (T +)<\/td>\n<td>\u2264 %1<\/td>\n<td>DS(TH)<\/td>\n<td>TS EN 1604<\/td>\n<\/tr>\n<tr>\n<td>D\u00fczl\u00fck Tolerans\u0131 , S<sub>en\u00e7ok<\/sub><\/td>\n<td><\/td>\n<td>S\u0131n\u0131r De\u011fer<\/td>\n<td>TS EN 825<\/td>\n<\/tr>\n<tr>\n<td>Uzunluk Tolerans\u0131, l<\/td>\n<td>\u00b12 %<\/td>\n<td>S\u0131n\u0131r De\u011fer<\/td>\n<td>TS EN 822<\/td>\n<\/tr>\n<tr>\n<td>Geni\u015flik Tolerans\u0131, b<\/td>\n<td>\u00b11,5%<\/td>\n<td>S\u0131n\u0131r De\u011fer<\/td>\n<td>TS EN 822<\/td>\n<\/tr>\n<tr>\n<td>G\u00f6nyeden Sapma Tolerans\u0131, S<sub>b<\/sub><\/td>\n<td>\u00b15mm\/m<\/td>\n<td>S\u0131n\u0131r De\u011fer<\/td>\n<td>TS EN 824<\/td>\n<\/tr>\n<tr>\n<td>Kal\u0131nl\u0131k Tolerans\u0131, d<sub>N<\/sub><\/td>\n<td>+3\/-1 mm<\/td>\n<td>T5<\/td>\n<td>TS EN 823<\/td>\n<\/tr>\n<tr>\n<td>Basma Dayan\u0131m\u0131, CS (10\/Y)<\/td>\n<td>\u226510 kPa<\/td>\n<td>CS(10\/Y) 10<\/td>\n<td>TS EN 826<\/td>\n<\/tr>\n<tr>\n<td>K\u0131sa S\u00fcreli Su Emme, W<sub>P<\/sub><\/td>\n<td>&lt; 1 kg\/m<sup>2<\/sup><\/td>\n<td>S\u0131n\u0131r de\u011fer<\/td>\n<td>TS EN 1609<\/td>\n<\/tr>\n<tr>\n<td>Uzun S\u00fcreli Su Emme, W<sub>IP<\/sub><\/td>\n<td>&lt; 3 kg\/m<sup>2<\/sup><\/td>\n<td>S\u0131n\u0131r de\u011fer<\/td>\n<td>TS EN 12087<\/td>\n<\/tr>\n<tr>\n<td>Su Buhar\u0131 Dif\u00fczyon Diren\u00e7 Fakt\u00f6r\u00fc, \u00b5<\/td>\n<td>1<\/td>\n<td>S\u0131n\u0131r de\u011fer<\/td>\n<td>TS EN 12086<\/td>\n<\/tr>\n<tr>\n<td>Yang\u0131na Tepki S\u0131n\u0131f\u0131<\/td>\n<td>A1<\/td>\n<td>S\u0131n\u0131r De\u011fer<\/td>\n<td>TS EN 13501-1<\/td>\n<\/tr>\n<\/tbody>\n<\/table>\n<p>&nbsp;<\/p>\n<p><b>Y\u00dcZEY HAZIRLI\u011eI<\/b><\/p>\n<p>Is\u0131 yal\u0131t\u0131m levhalar\u0131n\u0131n uygulanaca\u011f\u0131 y\u00fczey. Tu\u011fla, beton, gazbeton vb. malzemeler veya s\u0131val\u0131 y\u00fczeyler olabilir. y\u00fczey; temiz, kuru ve sa\u011flam olmal\u0131d\u0131r. Is\u0131 yal\u0131t\u0131m\u0131 yap\u0131lacak y\u00fczeyde varsa \u00f6nce su yal\u0131t\u0131m\u0131 ile ilgili sorunlar giderilmelidir. D\u0131\u015f cephe \u0131s\u0131 yal\u0131t\u0131m sistemine ba\u015flamadan \u00f6nce yap\u0131 y\u00fczeyleri kontrol edilir. Ka\u00e7\u0131kl\u0131klar ve d\u00fczg\u00fcns\u00fczl\u00fckler kaba s\u0131va ile d\u00fczeltilir. Cephedeki mevcut boya ya da kaplama incelenerek zay\u0131f ya da kabarm\u0131\u015f k\u0131s\u0131mlar kaz\u0131n\u0131r. E\u011fer varsa sa\u011flam olmayan y\u00fczeylerde DYO Tamir Har\u00e7lar\u0131 ile tamirat yap\u0131larak bu b\u00f6lgeler tutunmaya daha elveri\u015fli hale getirilir. Uygulama y\u00fczeyinde yosun, bakteri vb. kirlilikler mevcut ise uygun temizleyiciler ile bu b\u00f6lgeler temizlenir. Y\u00fczeyde herhangi bir sebepten \u00f6t\u00fcr\u00fc tuz kusmas\u0131 s\u00f6z konusu ise, tel f\u0131r\u00e7a ile y\u00fczeydeki tuz (beyazlanmalar) uygulama y\u00fczeyinden uzakla\u015ft\u0131r\u0131lmal\u0131d\u0131r. Subasman profilleri tercih edilen yal\u0131t\u0131m levhas\u0131n\u0131n kal\u0131nl\u0131\u011f\u0131na g\u00f6re y\u00fczeye monte edilir. Subasman profilleri uygulamas\u0131ndan \u00f6nce, binan\u0131n kot farklar\u0131n\u0131n \u00a0control edilmesi gerekir. Yap\u0131n\u0131n konumu da dikkate al\u0131narak, subasman profilinin ayn\u0131 kot seviyesinde ba\u015flat\u0131lmas\u0131na dikkat edilmelidir. Profilerin, ipinde ve terazisinde olmas\u0131na \u00f6zen g\u00f6sterilmeldir. Subasman profilleri montaji i\u00e7in yakla\u015f\u0131k 50 cm\u2019lik aral\u0131klarla darbe vidalar\u0131 veya d\u00fcbeller yard\u0131m\u0131yla y\u00fczeye monte edilir. Monte edilmeden \u00f6nce, alt zemindeki d\u00fczensizlikler ortadan kald\u0131r\u0131lmal\u0131d\u0131r. Bina y\u00fczeylerinde ucuca eklenen yani birbirini takip eden subasman profilleri aras\u0131nda 2-3 mm mesafe b\u0131rak\u0131lmal\u0131d\u0131r. Birbiri \u00fczerine binindirme \u015feklinde bir uygulama yap\u0131lmamal\u0131d\u0131r.<\/p>\n<p><b>UYGULAMA<\/b><\/p>\n<ul>\n<li>Uygulama y\u00fczeyinin d\u00fczl\u00fc\u011f\u00fcne g\u00f6re \u00f6bekleme veya tarakl\u0131 mala y\u00f6ntemi ile yap\u0131\u015ft\u0131r\u0131c\u0131, levhaya uygulan\u0131r ve levha y\u00fczeye yap\u0131\u015ft\u0131r\u0131l\u0131r.<\/li>\n<li>E\u011fer uygulama y\u00fczeyi mastar\u0131nda de\u011filse, \u0131s\u0131 yal\u0131t\u0131m levhas\u0131n\u0131n kenarlar\u0131 boyunca \u00e7er\u00e7eve olacak \u015fekilde yap\u0131\u015ft\u0131r\u0131c\u0131 har\u00e7 s\u00fcr\u00fcld\u00fckten sonra orta k\u0131s\u0131mlara tam boy levhalarda 3 adet, kesilmi\u015f levhalarda ise levha boyutlar\u0131na g\u00f6re uygun say\u0131da \u00f6bek halinde yap\u0131\u015ft\u0131r\u0131c\u0131 uygulan\u0131r.<\/li>\n<li>Klimatherm \u0131s\u0131 yal\u0131t\u0131m sistem yap\u0131\u015ft\u0131r\u0131c\u0131s\u0131, levha y\u00fczeyinin en az %40\u2019\u0131na temas etmelidir.<\/li>\n<li>Y\u00fczey mastar\u0131nda ise yal\u0131t\u0131m levhas\u0131n\u0131n yap\u0131\u015ft\u0131r\u0131lacak y\u00fcz\u00fcn\u00fc tamamen kaplayacak \u015fekilde 10&#215;10 mm tarakl\u0131 mala ile Klimatherm Levha Yap\u0131\u015ft\u0131rma Harc\u0131 levhaya s\u00fcr\u00fclmelidir.<\/li>\n<\/ul>\n<p><b>Sarfiyat Tablosu:<\/b><\/p>\n<table border=\"1\">\n<tbody>\n<tr>\n<td><b>Levha<\/b><b><br \/>\n<\/b><b>En (m)<\/b><\/td>\n<td><b>Levha<\/b><b><br \/>\n<\/b><b>Boy (m)<\/b><\/td>\n<td><b>Levha Kal\u0131nl\u0131k (m)<\/b><\/td>\n<td><b>Hacim<\/b><b><br \/>\n<\/b><b>(m\u00b3)<\/b><\/td>\n<td><b>Paket Adet<\/b><\/td>\n<td><b>1 Paket Alan<\/b><b><br \/>\n<\/b><b>(m\u00b2)<\/b><\/td>\n<\/tr>\n<tr>\n<td>0,6<\/td>\n<td>1,2<\/td>\n<td>0,02<\/td>\n<td>0,173<\/td>\n<td>12<\/td>\n<td>8,64<\/td>\n<\/tr>\n<tr>\n<td>0,6<\/td>\n<td>1,2<\/td>\n<td>0,025<\/td>\n<td>0,144<\/td>\n<td>8<\/td>\n<td>5,76<\/td>\n<\/tr>\n<tr>\n<td>0,6<\/td>\n<td>1,2<\/td>\n<td>0,03<\/td>\n<td>0,173<\/td>\n<td>8<\/td>\n<td>5,76<\/td>\n<\/tr>\n<tr>\n<td>0,6<\/td>\n<td>1,2<\/td>\n<td>0,04<\/td>\n<td>0,173<\/td>\n<td>6<\/td>\n<td>4,32<\/td>\n<\/tr>\n<tr>\n<td>0,6<\/td>\n<td>1,2<\/td>\n<td>0,05<\/td>\n<td>0,144<\/td>\n<td>4<\/td>\n<td>2,88<\/td>\n<\/tr>\n<tr>\n<td>0,6<\/td>\n<td>1,2<\/td>\n<td>0,06<\/td>\n<td>0,173<\/td>\n<td>4<\/td>\n<td>2,88<\/td>\n<\/tr>\n<tr>\n<td>0,6<\/td>\n<td>1,2<\/td>\n<td>0,07<\/td>\n<td>0,151<\/td>\n<td>3<\/td>\n<td>2,16<\/td>\n<\/tr>\n<tr>\n<td>0,6<\/td>\n<td>1,2<\/td>\n<td>0,08<\/td>\n<td>0,173<\/td>\n<td>3<\/td>\n<td>2,16<\/td>\n<\/tr>\n<tr>\n<td>0,6<\/td>\n<td>1,2<\/td>\n<td>0,1<\/td>\n<td>0,216<\/td>\n<td>3<\/td>\n<td>2,16<\/td>\n<\/tr>\n<tr>\n<td>0,6<\/td>\n<td>1,2<\/td>\n<td>0,12<\/td>\n<td>0,173<\/td>\n<td>2<\/td>\n<td>1,44<\/td>\n<\/tr>\n<tr>\n<td>0,6<\/td>\n<td>1,2<\/td>\n<td>0,15<\/td>\n<td>0,216<\/td>\n<td>2<\/td>\n<td>1,44<\/td>\n<\/tr>\n<\/tbody>\n<\/table>\n<p>&nbsp;<\/p>\n<p><b>Ortam \u015eartlar\u0131:\u00a0<\/b>Y\u00fczey s\u0131cakl\u0131\u011f\u0131n\u0131n +5\u00b0C ile +35 \u00b0C aras\u0131nda olmas\u0131na dikkat edilmelidir.<\/p>\n<p><b>Alet Temizli\u011fi:\u00a0<\/b>\u00a0Uygulama sonras\u0131 mala, kar\u0131\u015ft\u0131r\u0131c\u0131, kova su ile y\u0131kanabilir.<\/p>\n<p><b>\u00a0<\/b><\/p>\n<p><b>DEPOLAMA<\/b><\/p>\n<p>&nbsp;<\/p>\n<p>A\u00e7\u0131lmam\u0131\u015f ambalaj\u0131nda, serin ve kuru yerde dondan, ya\u011fmurdan, direkt g\u00fcne\u015f \u0131\u015f\u0131\u011f\u0131ndan, \u0131s\u0131 ve k\u0131v\u0131lc\u0131m kaynaklar\u0131ndan koruyarak saklay\u0131n\u0131z.<\/p>\n<p>&nbsp;<\/p>\n<p><b>AMBALAJ<\/b><\/p>\n<p>&nbsp;<\/p>\n<p>Ambalaj tipi: Polietilen po\u015fet<\/p>\n<p>Ambalaj a\u011f\u0131rl\u0131\u011f\u0131: 50 mm kal\u0131nl\u0131\u011f\u0131ndaki Ta\u015fy\u00fcn\u00fc Is\u0131 Yal\u0131t\u0131m Levhas\u0131 i\u00e7in 1 torba yakla\u015f\u0131k 22 gr.<\/p>\n<p>Ambalaj bask\u0131l\u0131 \/ bask\u0131s\u0131z: \u201cDYO Klimatherm Ta\u015fy\u00fcn\u00fc Is\u0131 Yal\u0131t\u0131m Sistemleri\u201d bask\u0131l\u0131<\/p>\n<p>Ambalaj rengi: \u015eeffaf alt zemin \u00fczerine loga k\u0131rm\u0131z\u0131\/ mavi<\/p>\n<p>&nbsp;<\/p>\n<p><b>G\u00dcVENL\u0130K UYARISI<\/b><\/p>\n<p>&nbsp;<\/p>\n<p>Direkt g\u00fcne\u015f \u0131\u015f\u0131\u011f\u0131na maruz b\u0131rak\u0131lmamal\u0131d\u0131r.<\/p>\n<p>Solvent i\u00e7eren maddelerle temas etmesi sak\u0131ncal\u0131d\u0131r.<\/p>\n<p>Yan\u0131c\u0131 ve parlay\u0131c\u0131 malzmelerden uzak tutulmal\u0131d\u0131r.<\/p>\n<p>Her t\u00fcrl\u00fc \u0131s\u0131 kayna\u011f\u0131ndan uzak tutulmal\u0131d\u0131r.<\/p>\n","protected":false},"excerpt":{"rendered":"<p>Klimatherm Ta\u015fy\u00fcn\u00fcmaxi Is\u0131 Yal\u0131t\u0131m Levhas\u0131,\u00a0TS EN 13162, TS EN 13500 ve ETAG004 standartlar\u0131na uygun olarak \u00fcretilen Klimatherm Ta\u015fy\u00fcn\u00fcmaxi, Mineral yan \u00dcr\u00fcnler i\u00e7in \u00fcretilmi\u015f \u0131s\u0131 yal\u0131t\u0131m malzemesidir. &nbsp; \u00d6ZELL\u0130KLER\u0130 M\u00fckemmel \u0131s\u0131 yal\u0131t\u0131m, Su emmeye kar\u015f\u0131 y\u00fcksek diren\u00e7, Binalar\u0131n nefes almas\u0131n\u0131 sa\u011flayan su buhar\u0131 ge\u00e7irgenli\u011fi, \u0130\u00e7 duvarlarda nem, rutubet olu\u015fmas\u0131n\u0131 ve boya d\u00f6k\u00fclmelerini \u00f6nleme. &nbsp; Ta\u015fy\u00fcn\u00fcmaxi el [&hellip;]<\/p>\n","protected":false},"author":1,"featured_media":0,"parent":0,"menu_order":0,"comment_status":"closed","ping_status":"closed","template":"","meta":{"site-sidebar-layout":"default","site-content-layout":"","ast-site-content-layout":"default","site-content-style":"default","site-sidebar-style":"default","ast-global-header-display":"","ast-banner-title-visibility":"","ast-main-header-display":"","ast-hfb-above-header-display":"","ast-hfb-below-header-display":"","ast-hfb-mobile-header-display":"","site-post-title":"","ast-breadcrumbs-content":"","ast-featured-img":"","footer-sml-layout":"","theme-transparent-header-meta":"default","adv-header-id-meta":"","stick-header-meta":"","header-above-stick-meta":"","header-main-stick-meta":"","header-below-stick-meta":"","astra-migrate-meta-layouts":"set","ast-page-background-enabled":"default","ast-page-background-meta":{"desktop":{"background-color":"","background-image":"","background-repeat":"repeat","background-position":"center center","background-size":"auto","background-attachment":"scroll","background-type":"","background-media":"","overlay-type":"","overlay-color":"","overlay-opacity":"","overlay-gradient":""},"tablet":{"background-color":"","background-image":"","background-repeat":"repeat","background-position":"center center","background-size":"auto","background-attachment":"scroll","background-type":"","background-media":"","overlay-type":"","overlay-color":"","overlay-opacity":"","overlay-gradient":""},"mobile":{"background-color":"","background-image":"","background-repeat":"repeat","background-position":"center center","background-size":"auto","background-attachment":"scroll","background-type":"","background-media":"","overlay-type":"","overlay-color":"","overlay-opacity":"","overlay-gradient":""}},"ast-content-background-meta":{"desktop":{"background-color":"var(--ast-global-color-5)","background-image":"","background-repeat":"repeat","background-position":"center center","background-size":"auto","background-attachment":"scroll","background-type":"","background-media":"","overlay-type":"","overlay-color":"","overlay-opacity":"","overlay-gradient":""},"tablet":{"background-color":"var(--ast-global-color-5)","background-image":"","background-repeat":"repeat","background-position":"center center","background-size":"auto","background-attachment":"scroll","background-type":"","background-media":"","overlay-type":"","overlay-color":"","overlay-opacity":"","overlay-gradient":""},"mobile":{"background-color":"var(--ast-global-color-5)","background-image":"","background-repeat":"repeat","background-position":"center center","background-size":"auto","background-attachment":"scroll","background-type":"","background-media":"","overlay-type":"","overlay-color":"","overlay-opacity":"","overlay-gradient":""}},"footnotes":""},"class_list":["post-948","page","type-page","status-publish","hentry"],"_links":{"self":[{"href":"http:\/\/huzuroglu.com\/index.php?rest_route=\/wp\/v2\/pages\/948","targetHints":{"allow":["GET"]}}],"collection":[{"href":"http:\/\/huzuroglu.com\/index.php?rest_route=\/wp\/v2\/pages"}],"about":[{"href":"http:\/\/huzuroglu.com\/index.php?rest_route=\/wp\/v2\/types\/page"}],"author":[{"embeddable":true,"href":"http:\/\/huzuroglu.com\/index.php?rest_route=\/wp\/v2\/users\/1"}],"replies":[{"embeddable":true,"href":"http:\/\/huzuroglu.com\/index.php?rest_route=%2Fwp%2Fv2%2Fcomments&post=948"}],"version-history":[{"count":2,"href":"http:\/\/huzuroglu.com\/index.php?rest_route=\/wp\/v2\/pages\/948\/revisions"}],"predecessor-version":[{"id":962,"href":"http:\/\/huzuroglu.com\/index.php?rest_route=\/wp\/v2\/pages\/948\/revisions\/962"}],"wp:attachment":[{"href":"http:\/\/huzuroglu.com\/index.php?rest_route=%2Fwp%2Fv2%2Fmedia&parent=948"}],"curies":[{"name":"wp","href":"https:\/\/api.w.org\/{rel}","templated":true}]}}