{"id":776,"date":"2021-07-20T10:33:18","date_gmt":"2021-07-20T07:33:18","guid":{"rendered":"http:\/\/huzuroglu.com\/?page_id=776"},"modified":"2023-11-22T14:58:38","modified_gmt":"2023-11-22T11:58:38","slug":"bize-ulasin","status":"publish","type":"page","link":"http:\/\/huzuroglu.com\/?page_id=776","title":{"rendered":"Bize Ula\u015f\u0131n"},"content":{"rendered":"\t\t<div data-elementor-type=\"wp-page\" data-elementor-id=\"776\" class=\"elementor elementor-776\">\n\t\t\t\t\t\t<section class=\"elementor-section elementor-top-section elementor-element elementor-element-5a3dac1 elementor-section-boxed elementor-section-height-default elementor-section-height-default\" data-id=\"5a3dac1\" data-element_type=\"section\" data-settings=\"{&quot;background_background&quot;:&quot;gradient&quot;}\">\n\t\t\t\t\t\t<div class=\"elementor-container elementor-column-gap-no\">\n\t\t\t\t\t<div class=\"elementor-column elementor-col-100 elementor-top-column elementor-element elementor-element-76597b8\" data-id=\"76597b8\" data-element_type=\"column\">\n\t\t\t<div class=\"elementor-widget-wrap elementor-element-populated\">\n\t\t\t\t\t\t<section class=\"elementor-section elementor-inner-section elementor-element elementor-element-44a2c6d elementor-section-boxed elementor-section-height-default elementor-section-height-default\" data-id=\"44a2c6d\" data-element_type=\"section\">\n\t\t\t\t\t\t<div class=\"elementor-container elementor-column-gap-no\">\n\t\t\t\t\t<div class=\"elementor-column elementor-col-100 elementor-inner-column elementor-element elementor-element-bdf8d51\" data-id=\"bdf8d51\" data-element_type=\"column\">\n\t\t\t<div class=\"elementor-widget-wrap elementor-element-populated\">\n\t\t\t\t\t\t<div class=\"elementor-element elementor-element-97a54af elementor-widget elementor-widget-heading\" data-id=\"97a54af\" data-element_type=\"widget\" data-widget_type=\"heading.default\">\n\t\t\t\t<div class=\"elementor-widget-container\">\n\t\t\t\t\t<h1 class=\"elementor-heading-title elementor-size-default\">\u0130leti\u015fim<\/h1>\t\t\t\t<\/div>\n\t\t\t\t<\/div>\n\t\t\t\t\t<\/div>\n\t\t<\/div>\n\t\t\t\t\t<\/div>\n\t\t<\/section>\n\t\t\t\t<section class=\"elementor-section elementor-inner-section elementor-element elementor-element-40ea173 elementor-reverse-mobile elementor-section-boxed elementor-section-height-default elementor-section-height-default\" data-id=\"40ea173\" data-element_type=\"section\">\n\t\t\t\t\t\t<div class=\"elementor-container elementor-column-gap-no\">\n\t\t\t\t\t<div class=\"elementor-column elementor-col-33 elementor-inner-column elementor-element elementor-element-f3b650c\" data-id=\"f3b650c\" data-element_type=\"column\">\n\t\t\t<div class=\"elementor-widget-wrap elementor-element-populated\">\n\t\t\t\t\t\t<div class=\"elementor-element elementor-element-310e1c3 elementor-widget elementor-widget-text-editor\" data-id=\"310e1c3\" data-element_type=\"widget\" data-widget_type=\"text-editor.default\">\n\t\t\t\t<div class=\"elementor-widget-container\">\n\t\t\t\t\t\t\t\t\t<p><strong>Huzur Towers Sat\u0131\u015f Ofisi-\u015eantiye<\/strong><br><span style=\"font-style: inherit; font-weight: inherit; background-color: transparent; color: var(--ast-global-color-3);\">Mehmet Akif Ersoy Mah. G\u00fclbostan Sk. No:2 Do\u011fu \u00c7evre Yolu Yan\u0131 Merkez\/Kastamonu<\/span><\/p>\n<p>0552 717 73 37<br>info@huzurtowers.com<\/p>\t\t\t\t\t\t\t\t<\/div>\n\t\t\t\t<\/div>\n\t\t\t\t<div class=\"elementor-element elementor-element-1a52cf2 elementor-widget elementor-widget-text-editor\" data-id=\"1a52cf2\" data-element_type=\"widget\" data-widget_type=\"text-editor.default\">\n\t\t\t\t<div class=\"elementor-widget-container\">\n\t\t\t\t\t\t\t\t\t<p><strong>Huzuro\u011flu Yap\u0131 Malzemeleri-Merkez<\/strong><br \/>Candaro\u011fullar\u0131 Mah. Alparslan T\u00fcrke\u015f Bulvar\u0131 Deniz Apt. A Blok No:25\/1 Merkez Kastamonu<\/p><p>0366 214 75 75<br \/>info@huzuroglu.com.tr<\/p>\t\t\t\t\t\t\t\t<\/div>\n\t\t\t\t<\/div>\n\t\t\t\t<div class=\"elementor-element elementor-element-76a0004 elementor-widget elementor-widget-text-editor\" data-id=\"76a0004\" data-element_type=\"widget\" data-widget_type=\"text-editor.default\">\n\t\t\t\t<div class=\"elementor-widget-container\">\n\t\t\t\t\t\t\t\t\t<p><strong>Huzuro\u011flu Mobilya Kuzeykent \u015eube-Ev Concept Ma\u011fazas\u0131<\/strong><br \/>Kuzeykent Mah. Kamil Demircio\u011flu Cad. No:16\/A Merkez Kastamonu<\/p><p>0366 215 62 11<br \/>info@huzuroglu.com.tr<\/p>\t\t\t\t\t\t\t\t<\/div>\n\t\t\t\t<\/div>\n\t\t\t\t\t<\/div>\n\t\t<\/div>\n\t\t\t\t<div class=\"elementor-column elementor-col-66 elementor-inner-column elementor-element elementor-element-6ac2e9a\" data-id=\"6ac2e9a\" data-element_type=\"column\">\n\t\t\t<div class=\"elementor-widget-wrap elementor-element-populated\">\n\t\t\t\t\t\t<div class=\"elementor-element elementor-element-aea874c elementor-widget elementor-widget-text-editor\" data-id=\"aea874c\" data-element_type=\"widget\" data-widget_type=\"text-editor.default\">\n\t\t\t\t<div class=\"elementor-widget-container\">\n\t\t\t\t\t\t\t\t\t<p><b>Huzuro\u011flu Yap\u0131 Malzemeleri-Yap\u0131 Market<\/b><br \/><span style=\"font-style: inherit; font-weight: inherit; background-color: transparent; color: var(--ast-global-color-3);\">Candaro\u011fullar\u0131 Mah. Miralay Halitbey Cad. Emek Sokak Toptanc\u0131lar Sitesi No:3\/C Merkez Kastamonu<\/span><\/p><p>0366 215 75 75<br \/>info@huzuroglu.com.tr<\/p>\t\t\t\t\t\t\t\t<\/div>\n\t\t\t\t<\/div>\n\t\t\t\t<div class=\"elementor-element elementor-element-2cbc527 elementor-widget elementor-widget-text-editor\" data-id=\"2cbc527\" data-element_type=\"widget\" data-widget_type=\"text-editor.default\">\n\t\t\t\t<div class=\"elementor-widget-container\">\n\t\t\t\t\t\t\t\t\t<p><strong>Huzuro\u011flu Mobilya Merkez \u015eube<\/strong><br \/>Candaro\u011fullar\u0131 Mah. Alparslan T\u00fcrke\u015f Bulvar\u0131 Deniz Apt. No:25\/E Merkez Kastamonu<\/p><p>0366 214 11 44<br \/>info@huzuroglu.com.tr<\/p>\t\t\t\t\t\t\t\t<\/div>\n\t\t\t\t<\/div>\n\t\t\t\t<div class=\"elementor-element elementor-element-9f98c0f elementor-widget elementor-widget-text-editor\" data-id=\"9f98c0f\" data-element_type=\"widget\" data-widget_type=\"text-editor.default\">\n\t\t\t\t<div class=\"elementor-widget-container\">\n\t\t\t\t\t\t\t\t\t<p><strong>Tumanna Organize Sanayi B\u00f6lgesi Showroom-Fabrika<\/strong><br \/><span style=\"font-style: inherit; font-weight: inherit; background-color: transparent; color: var(--ast-global-color-3);\">Halife OSB 2. Cadde No:16\/2 Merkez Kastamonu<\/span><\/p><p>\u00a00366 212 75 75<br \/>\u00a0info@tumanna.com.tr<\/p>\t\t\t\t\t\t\t\t<\/div>\n\t\t\t\t<\/div>\n\t\t\t\t\t<\/div>\n\t\t<\/div>\n\t\t\t\t\t<\/div>\n\t\t<\/section>\n\t\t\t\t\t<\/div>\n\t\t<\/div>\n\t\t\t\t\t<\/div>\n\t\t<\/section>\n\t\t<div class=\"elementor-element elementor-element-d8780c1 e-flex e-con-boxed e-con e-parent\" data-id=\"d8780c1\" data-element_type=\"container\">\n\t\t\t\t\t<div class=\"e-con-inner\">\n\t\t\t\t<div class=\"elementor-element elementor-element-132ed21 elementor-widget elementor-widget-html\" data-id=\"132ed21\" data-element_type=\"widget\" data-widget_type=\"html.default\">\n\t\t\t\t<div class=\"elementor-widget-container\">\n\t\t\t\t\t<iframe src=\"https:\/\/www.google.com\/maps\/embed?pb=!1m23!1m12!1m3!1d95746.14935253347!2d33.69392988395724!3d41.41606060502107!2m3!1f0!2f0!3f0!3m2!1i1024!2i768!4f13.1!4m8!3e6!4m0!4m5!1s0x4084fa57cd5bcda3%3A0x4a38a6c52392a1ea!2sCandaro%C4%9Fullar%C4%B1%20Mah.%20Emek%20Sok%2C%20Kastamonu%20Sebze%20Meyve%20G%C4%B1da%20Toptanc%C4%B1lar%20Sitesi%20No%3A3%2FC%2C%2037150%20Merkez!3m2!1d41.4161156!2d33.7763894!5e0!3m2!1str!2str!4v1698745614175!5m2!1str!2str\" width=\"600\" height=\"450\" style=\"border:0;\" allowfullscreen=\"\" loading=\"lazy\" referrerpolicy=\"no-referrer-when-downgrade\"><\/iframe>\t\t\t\t<\/div>\n\t\t\t\t<\/div>\n\t\t\t\t\t<\/div>\n\t\t\t\t<\/div>\n\t\t\t\t<\/div>\n\t\t","protected":false},"excerpt":{"rendered":"<p>\u0130leti\u015fim Huzur Towers Sat\u0131\u015f Ofisi-\u015eantiyeMehmet Akif Ersoy Mah. G\u00fclbostan Sk. No:2 Do\u011fu \u00c7evre Yolu Yan\u0131 Merkez\/Kastamonu 0552 717 73 37info@huzurtowers.com Huzuro\u011flu Yap\u0131 Malzemeleri-MerkezCandaro\u011fullar\u0131 Mah. Alparslan T\u00fcrke\u015f Bulvar\u0131 Deniz Apt. A Blok No:25\/1 Merkez Kastamonu 0366 214 75 75info@huzuroglu.com.tr Huzuro\u011flu Mobilya Kuzeykent \u015eube-Ev Concept Ma\u011fazas\u0131Kuzeykent Mah. Kamil Demircio\u011flu Cad. No:16\/A Merkez Kastamonu 0366 215 62 11info@huzuroglu.com.tr [&hellip;]<\/p>\n","protected":false},"author":1,"featured_media":0,"parent":0,"menu_order":0,"comment_status":"closed","ping_status":"closed","template":"","meta":{"site-sidebar-layout":"no-sidebar","site-content-layout":"page-builder","ast-site-content-layout":"","site-content-style":"default","site-sidebar-style":"default","ast-global-header-display":"","ast-banner-title-visibility":"","ast-main-header-display":"","ast-hfb-above-header-display":"","ast-hfb-below-header-display":"","ast-hfb-mobile-header-display":"","site-post-title":"disabled","ast-breadcrumbs-content":"disabled","ast-featured-img":"disabled","footer-sml-layout":"","theme-transparent-header-meta":"default","adv-header-id-meta":"","stick-header-meta":"","header-above-stick-meta":"","header-main-stick-meta":"","header-below-stick-meta":"","astra-migrate-meta-layouts":"default","ast-page-background-enabled":"default","ast-page-background-meta":{"desktop":{"background-color":"","background-image":"","background-repeat":"repeat","background-position":"center center","background-size":"auto","background-attachment":"scroll","background-type":"","background-media":"","overlay-type":"","overlay-color":"","overlay-opacity":"","overlay-gradient":""},"tablet":{"background-color":"","background-image":"","background-repeat":"repeat","background-position":"center center","background-size":"auto","background-attachment":"scroll","background-type":"","background-media":"","overlay-type":"","overlay-color":"","overlay-opacity":"","overlay-gradient":""},"mobile":{"background-color":"","background-image":"","background-repeat":"repeat","background-position":"center center","background-size":"auto","background-attachment":"scroll","background-type":"","background-media":"","overlay-type":"","overlay-color":"","overlay-opacity":"","overlay-gradient":""}},"ast-content-background-meta":{"desktop":{"background-color":"var(--ast-global-color-5)","background-image":"","background-repeat":"repeat","background-position":"center center","background-size":"auto","background-attachment":"scroll","background-type":"","background-media":"","overlay-type":"","overlay-color":"","overlay-opacity":"","overlay-gradient":""},"tablet":{"background-color":"var(--ast-global-color-5)","background-image":"","background-repeat":"repeat","background-position":"center center","background-size":"auto","background-attachment":"scroll","background-type":"","background-media":"","overlay-type":"","overlay-color":"","overlay-opacity":"","overlay-gradient":""},"mobile":{"background-color":"var(--ast-global-color-5)","background-image":"","background-repeat":"repeat","background-position":"center center","background-size":"auto","background-attachment":"scroll","background-type":"","background-media":"","overlay-type":"","overlay-color":"","overlay-opacity":"","overlay-gradient":""}},"footnotes":""},"class_list":["post-776","page","type-page","status-publish","hentry"],"_links":{"self":[{"href":"http:\/\/huzuroglu.com\/index.php?rest_route=\/wp\/v2\/pages\/776","targetHints":{"allow":["GET"]}}],"collection":[{"href":"http:\/\/huzuroglu.com\/index.php?rest_route=\/wp\/v2\/pages"}],"about":[{"href":"http:\/\/huzuroglu.com\/index.php?rest_route=\/wp\/v2\/types\/page"}],"author":[{"embeddable":true,"href":"http:\/\/huzuroglu.com\/index.php?rest_route=\/wp\/v2\/users\/1"}],"replies":[{"embeddable":true,"href":"http:\/\/huzuroglu.com\/index.php?rest_route=%2Fwp%2Fv2%2Fcomments&post=776"}],"version-history":[{"count":35,"href":"http:\/\/huzuroglu.com\/index.php?rest_route=\/wp\/v2\/pages\/776\/revisions"}],"predecessor-version":[{"id":1080,"href":"http:\/\/huzuroglu.com\/index.php?rest_route=\/wp\/v2\/pages\/776\/revisions\/1080"}],"wp:attachment":[{"href":"http:\/\/huzuroglu.com\/index.php?rest_route=%2Fwp%2Fv2%2Fmedia&parent=776"}],"curies":[{"name":"wp","href":"https:\/\/api.w.org\/{rel}","templated":true}]}}