{"id":576,"date":"2022-03-21T07:21:11","date_gmt":"2022-03-21T04:21:11","guid":{"rendered":"http:\/\/huzuroglu.com\/?page_id=576"},"modified":"2025-02-10T09:43:45","modified_gmt":"2025-02-10T06:43:45","slug":"home","status":"publish","type":"page","link":"http:\/\/huzuroglu.com\/","title":{"rendered":"Ana Sayfa"},"content":{"rendered":"\t\t<div data-elementor-type=\"wp-page\" data-elementor-id=\"576\" class=\"elementor elementor-576\">\n\t\t\t\t<div class=\"elementor-element elementor-element-ea644c3 e-con-full e-flex e-con e-parent\" data-id=\"ea644c3\" data-element_type=\"container\">\n\t\t\t\t<div class=\"elementor-element elementor-element-ce5c67e elementor-widget elementor-widget-shortcode\" data-id=\"ce5c67e\" data-element_type=\"widget\" data-widget_type=\"shortcode.default\">\n\t\t\t\t<div class=\"elementor-widget-container\">\n\t\t\t\t\t\t\t<div class=\"elementor-shortcode\"><\/div>\n\t\t\t\t\t\t<\/div>\n\t\t\t\t<\/div>\n\t\t\t\t<\/div>\n\t\t<div class=\"elementor-element elementor-element-133baff e-flex e-con-boxed e-con e-parent\" data-id=\"133baff\" data-element_type=\"container\">\n\t\t\t\t\t<div class=\"e-con-inner\">\n\t\t<div class=\"elementor-element elementor-element-34de693 e-con-full e-flex e-con e-child\" data-id=\"34de693\" data-element_type=\"container\" data-settings=\"{&quot;background_background&quot;:&quot;classic&quot;}\">\n\t\t\t\t<div class=\"elementor-element elementor-element-c738620 elementor-widget elementor-widget-spacer\" data-id=\"c738620\" data-element_type=\"widget\" data-widget_type=\"spacer.default\">\n\t\t\t\t<div class=\"elementor-widget-container\">\n\t\t\t\t\t\t\t<div class=\"elementor-spacer\">\n\t\t\t<div class=\"elementor-spacer-inner\"><\/div>\n\t\t<\/div>\n\t\t\t\t\t\t<\/div>\n\t\t\t\t<\/div>\n\t\t\t\t<div class=\"elementor-element elementor-element-d9bfbc9 elementor-widget__width-initial elementor-widget elementor-widget-text-editor\" data-id=\"d9bfbc9\" data-element_type=\"widget\" data-widget_type=\"text-editor.default\">\n\t\t\t\t<div class=\"elementor-widget-container\">\n\t\t\t\t\t\t\t\t\t<p><a href=\"http:\/\/huzurtowers.com\"><strong>\u0130N\u015eAAT <b>\u2192<\/b><\/strong><\/a><br \/>HuzurTowers Projesi\u00a0<\/p>\t\t\t\t\t\t\t\t<\/div>\n\t\t\t\t<\/div>\n\t\t\t\t<\/div>\n\t\t<div class=\"elementor-element elementor-element-9295da8 e-con-full e-flex e-con e-child\" data-id=\"9295da8\" data-element_type=\"container\" data-settings=\"{&quot;background_background&quot;:&quot;classic&quot;}\">\n\t\t\t\t<div class=\"elementor-element elementor-element-f1ddfbc elementor-widget elementor-widget-spacer\" data-id=\"f1ddfbc\" data-element_type=\"widget\" data-widget_type=\"spacer.default\">\n\t\t\t\t<div class=\"elementor-widget-container\">\n\t\t\t\t\t\t\t<div class=\"elementor-spacer\">\n\t\t\t<div class=\"elementor-spacer-inner\"><\/div>\n\t\t<\/div>\n\t\t\t\t\t\t<\/div>\n\t\t\t\t<\/div>\n\t\t\t\t<div class=\"elementor-element elementor-element-1db0def elementor-widget__width-initial elementor-widget elementor-widget-text-editor\" data-id=\"1db0def\" data-element_type=\"widget\" data-widget_type=\"text-editor.default\">\n\t\t\t\t<div class=\"elementor-widget-container\">\n\t\t\t\t\t\t\t\t\t<p><a href=\"http:\/\/huzurogluyapimarket.com\"><strong>YAPI MARKET <b>\u2192<\/b><\/strong><\/a><br \/>Temelden \u00c7at\u0131ya \u0130n\u015faat Malzemeleri<\/p>\t\t\t\t\t\t\t\t<\/div>\n\t\t\t\t<\/div>\n\t\t\t\t<\/div>\n\t\t<div class=\"elementor-element elementor-element-98ac9e2 e-con-full e-flex e-con e-child\" data-id=\"98ac9e2\" data-element_type=\"container\" data-settings=\"{&quot;background_background&quot;:&quot;classic&quot;}\">\n\t\t\t\t<div class=\"elementor-element elementor-element-6ebcebb elementor-widget elementor-widget-spacer\" data-id=\"6ebcebb\" data-element_type=\"widget\" data-widget_type=\"spacer.default\">\n\t\t\t\t<div class=\"elementor-widget-container\">\n\t\t\t\t\t\t\t<div class=\"elementor-spacer\">\n\t\t\t<div class=\"elementor-spacer-inner\"><\/div>\n\t\t<\/div>\n\t\t\t\t\t\t<\/div>\n\t\t\t\t<\/div>\n\t\t\t\t<div class=\"elementor-element elementor-element-b5f49cb elementor-widget__width-initial elementor-widget elementor-widget-text-editor\" data-id=\"b5f49cb\" data-element_type=\"widget\" data-widget_type=\"text-editor.default\">\n\t\t\t\t<div class=\"elementor-widget-container\">\n\t\t\t\t\t\t\t\t\t<p><a href=\"https:\/\/kastamonuparke.com\"><strong>LAM\u0130NAT PARKE <b>\u2192<\/b><\/strong><\/a><br \/>Floorpan Laminat Parke<\/p>\t\t\t\t\t\t\t\t<\/div>\n\t\t\t\t<\/div>\n\t\t\t\t<\/div>\n\t\t<div class=\"elementor-element elementor-element-060696b e-con-full e-flex e-con e-child\" data-id=\"060696b\" data-element_type=\"container\" data-settings=\"{&quot;background_background&quot;:&quot;classic&quot;}\">\n\t\t\t\t<div class=\"elementor-element elementor-element-1d6eb93 elementor-widget elementor-widget-spacer\" data-id=\"1d6eb93\" data-element_type=\"widget\" data-widget_type=\"spacer.default\">\n\t\t\t\t<div class=\"elementor-widget-container\">\n\t\t\t\t\t\t\t<div class=\"elementor-spacer\">\n\t\t\t<div class=\"elementor-spacer-inner\"><\/div>\n\t\t<\/div>\n\t\t\t\t\t\t<\/div>\n\t\t\t\t<\/div>\n\t\t\t\t<div class=\"elementor-element elementor-element-069f0aa elementor-widget__width-initial elementor-widget elementor-widget-text-editor\" data-id=\"069f0aa\" data-element_type=\"widget\" data-widget_type=\"text-editor.default\">\n\t\t\t\t<div class=\"elementor-widget-container\">\n\t\t\t\t\t\t\t\t\t<p><strong><a href=\"http:\/\/huzuroglumobilya.com\">MOB\u0130LYA <b>\u2192<\/b><\/a><br \/><\/strong>Ar\u00e7elik &amp; Kilim<\/p>\t\t\t\t\t\t\t\t<\/div>\n\t\t\t\t<\/div>\n\t\t\t\t<\/div>\n\t\t<div class=\"elementor-element elementor-element-dcaf714 e-con-full e-flex e-con e-child\" data-id=\"dcaf714\" data-element_type=\"container\" data-settings=\"{&quot;background_background&quot;:&quot;classic&quot;}\">\n\t\t\t\t<div class=\"elementor-element elementor-element-de09bad elementor-widget elementor-widget-spacer\" data-id=\"de09bad\" data-element_type=\"widget\" data-widget_type=\"spacer.default\">\n\t\t\t\t<div class=\"elementor-widget-container\">\n\t\t\t\t\t\t\t<div class=\"elementor-spacer\">\n\t\t\t<div class=\"elementor-spacer-inner\"><\/div>\n\t\t<\/div>\n\t\t\t\t\t\t<\/div>\n\t\t\t\t<\/div>\n\t\t\t\t<div class=\"elementor-element elementor-element-7a8c448 elementor-widget__width-initial elementor-widget elementor-widget-text-editor\" data-id=\"7a8c448\" data-element_type=\"widget\" data-widget_type=\"text-editor.default\">\n\t\t\t\t<div class=\"elementor-widget-container\">\n\t\t\t\t\t\t\t\t\t<p><b><a href=\"http:\/\/tumanna.com.tr\">YATAK \u00dcRET\u0130M \u2192<\/a><br \/><\/b>Yatak\/Baza\/Ba\u015fl\u0131k<\/p>\t\t\t\t\t\t\t\t<\/div>\n\t\t\t\t<\/div>\n\t\t\t\t<\/div>\n\t\t<div class=\"elementor-element elementor-element-93702f7 e-con-full e-flex e-con e-child\" data-id=\"93702f7\" data-element_type=\"container\" data-settings=\"{&quot;background_background&quot;:&quot;classic&quot;}\">\n\t\t\t\t<div class=\"elementor-element elementor-element-b13135c elementor-widget elementor-widget-spacer\" data-id=\"b13135c\" data-element_type=\"widget\" data-widget_type=\"spacer.default\">\n\t\t\t\t<div class=\"elementor-widget-container\">\n\t\t\t\t\t\t\t<div class=\"elementor-spacer\">\n\t\t\t<div class=\"elementor-spacer-inner\"><\/div>\n\t\t<\/div>\n\t\t\t\t\t\t<\/div>\n\t\t\t\t<\/div>\n\t\t\t\t<div class=\"elementor-element elementor-element-e2e58d8 elementor-widget__width-initial elementor-widget elementor-widget-text-editor\" data-id=\"e2e58d8\" data-element_type=\"widget\" data-widget_type=\"text-editor.default\">\n\t\t\t\t<div class=\"elementor-widget-container\">\n\t\t\t\t\t\t\t\t\t<p><b><a href=\"https:\/\/huzurogluyapimarket.com\/bien-seramik\/\">B\u0130EN &amp; QUA SERAM\u0130K \u2192<\/a><br \/><\/b>Seramik &amp; Fayans<\/p>\t\t\t\t\t\t\t\t<\/div>\n\t\t\t\t<\/div>\n\t\t\t\t<\/div>\n\t\t\t\t\t<\/div>\n\t\t\t\t<\/div>\n\t\t<div class=\"elementor-element elementor-element-32b8cf1 e-flex e-con-boxed e-con e-parent\" data-id=\"32b8cf1\" data-element_type=\"container\" data-settings=\"{&quot;background_background&quot;:&quot;classic&quot;}\">\n\t\t\t\t\t<div class=\"e-con-inner\">\n\t\t<div class=\"elementor-element elementor-element-1e1061e e-con-full e-flex e-con e-child\" data-id=\"1e1061e\" data-element_type=\"container\">\n\t\t\t\t<div class=\"elementor-element elementor-element-f543881 elementor-widget elementor-widget-heading\" data-id=\"f543881\" data-element_type=\"widget\" data-widget_type=\"heading.default\">\n\t\t\t\t<div class=\"elementor-widget-container\">\n\t\t\t\t\t<h2 class=\"elementor-heading-title elementor-size-default\">2024 Teslim Huzur Towers\u200b<\/h2>\t\t\t\t<\/div>\n\t\t\t\t<\/div>\n\t\t\t\t<div class=\"elementor-element elementor-element-3b68be9 elementor-invisible elementor-widget elementor-widget-video\" data-id=\"3b68be9\" data-element_type=\"widget\" data-settings=\"{&quot;youtube_url&quot;:&quot;https:\\\/\\\/www.youtube.com\\\/watch?v=_eTYtz47PI0&quot;,&quot;_animation&quot;:&quot;fadeInLeft&quot;,&quot;video_type&quot;:&quot;youtube&quot;,&quot;controls&quot;:&quot;yes&quot;}\" data-widget_type=\"video.default\">\n\t\t\t\t<div class=\"elementor-widget-container\">\n\t\t\t\t\t\t\t<div class=\"elementor-wrapper elementor-open-inline\">\n\t\t\t<div class=\"elementor-video\"><\/div>\t\t<\/div>\n\t\t\t\t\t\t<\/div>\n\t\t\t\t<\/div>\n\t\t\t\t<div class=\"elementor-element elementor-element-184dda8 elementor-widget elementor-widget-text-editor\" data-id=\"184dda8\" data-element_type=\"widget\" data-widget_type=\"text-editor.default\">\n\t\t\t\t<div class=\"elementor-widget-container\">\n\t\t\t\t\t\t\t\t\t<p>HUZUR TOWERS\u2019TA SADECE B\u0130R DA\u0130RE ALMIYORSUNUZ T\u00dcM SOSYAL \u0130MKANLARI S\u0130ZLERE SUNUYORUZ (ZEM\u0130N\u0130NDE FORE KAZIK KULLANILMI\u015e, TEKN\u0130K \u015eARTNAME ESALARI UYGULANMI\u015e B\u0130R S\u0130TED\u0130R)\u200b<\/p>\t\t\t\t\t\t\t\t<\/div>\n\t\t\t\t<\/div>\n\t\t\t\t<div class=\"elementor-element elementor-element-9cc9057 elementor-widget elementor-widget-button\" data-id=\"9cc9057\" data-element_type=\"widget\" data-widget_type=\"button.default\">\n\t\t\t\t<div class=\"elementor-widget-container\">\n\t\t\t\t\t\t\t\t\t<div class=\"elementor-button-wrapper\">\n\t\t\t\t\t<a class=\"elementor-button elementor-button-link elementor-size-sm\" href=\"https:\/\/huzurtowers.com\/katalog\">\n\t\t\t\t\t\t<span class=\"elementor-button-content-wrapper\">\n\t\t\t\t\t\t\t\t\t<span class=\"elementor-button-text\">Katalog<\/span>\n\t\t\t\t\t<\/span>\n\t\t\t\t\t<\/a>\n\t\t\t\t<\/div>\n\t\t\t\t\t\t\t\t<\/div>\n\t\t\t\t<\/div>\n\t\t\t\t<\/div>\n\t\t<div class=\"elementor-element elementor-element-0726a25 e-con-full e-flex e-con e-child\" data-id=\"0726a25\" data-element_type=\"container\">\n\t\t\t\t<div class=\"elementor-element elementor-element-938b259 elementor-widget elementor-widget-text-editor\" data-id=\"938b259\" data-element_type=\"widget\" data-widget_type=\"text-editor.default\">\n\t\t\t\t<div class=\"elementor-widget-container\">\n\t\t\t\t\t\t\t\t\t<p>2 adet 25 katl\u0131 kule 2+1, 3+1, 4+1, 5+1, <br \/>bah\u00e7eli terasl\u0131 dubleks ve terasl\u0131 daire se\u00e7enekleriyle 20.000 m2 peyzaj ,<br \/>\u2666 A\u00e7\u0131k ve kapal\u0131 otopark<br \/>\u2666 7\/24 G\u00fcvenlik, <br \/>\u2666 A\u00e7\u0131k kapal\u0131 y\u00fczme havuzlar\u0131<br \/>\u2666 Su kayd\u0131raklar\u0131<br \/>\u2666 Piknik alanlar\u0131 <br \/>\u2666 Y\u00fcr\u00fcy\u00fc\u015f ve bisiklet yollar\u0131<br \/>\u2666 S\u00fcs havuzlar\u0131<br \/>\u2666 Dinlenme alanlar\u0131<br \/>\u2666 Spor sahas\u0131 Oyun alanlar\u0131<br \/>\u2666\u00a0 A\u00e7\u0131k hava sinemas\u0131 \u2666 Sosyal, k\u00fclt\u00fcrel ve sportif etkinlik alanlar\u0131<\/p><p>\u00a0Detayl\u0131 Bilgi \u0130\u00e7in Bizlere Ula\u015f\u0131n<\/p>\t\t\t\t\t\t\t\t<\/div>\n\t\t\t\t<\/div>\n\t\t\t\t<div class=\"elementor-element elementor-element-0d61cd1 elementor-widget elementor-widget-button\" data-id=\"0d61cd1\" data-element_type=\"widget\" data-widget_type=\"button.default\">\n\t\t\t\t<div class=\"elementor-widget-container\">\n\t\t\t\t\t\t\t\t\t<div class=\"elementor-button-wrapper\">\n\t\t\t\t\t<a class=\"elementor-button elementor-button-link elementor-size-sm\" href=\"tel:05527177337\">\n\t\t\t\t\t\t<span class=\"elementor-button-content-wrapper\">\n\t\t\t\t\t\t<span class=\"elementor-button-icon\">\n\t\t\t\t<svg aria-hidden=\"true\" class=\"e-font-icon-svg e-fas-phone-alt\" viewBox=\"0 0 512 512\" xmlns=\"http:\/\/www.w3.org\/2000\/svg\"><path d=\"M497.39 361.8l-112-48a24 24 0 0 0-28 6.9l-49.6 60.6A370.66 370.66 0 0 1 130.6 204.11l60.6-49.6a23.94 23.94 0 0 0 6.9-28l-48-112A24.16 24.16 0 0 0 122.6.61l-104 24A24 24 0 0 0 0 48c0 256.5 207.9 464 464 464a24 24 0 0 0 23.4-18.6l24-104a24.29 24.29 0 0 0-14.01-27.6z\"><\/path><\/svg>\t\t\t<\/span>\n\t\t\t\t\t\t\t\t\t<span class=\"elementor-button-text\">Hemen Ara<\/span>\n\t\t\t\t\t<\/span>\n\t\t\t\t\t<\/a>\n\t\t\t\t<\/div>\n\t\t\t\t\t\t\t\t<\/div>\n\t\t\t\t<\/div>\n\t\t\t\t<\/div>\n\t\t\t\t\t<\/div>\n\t\t\t\t<\/div>\n\t\t\t\t<\/div>\n\t\t","protected":false},"excerpt":{"rendered":"<p>\u0130N\u015eAAT \u2192HuzurTowers Projesi\u00a0 YAPI MARKET \u2192Temelden \u00c7at\u0131ya \u0130n\u015faat Malzemeleri LAM\u0130NAT PARKE \u2192Floorpan Laminat Parke MOB\u0130LYA \u2192Ar\u00e7elik &amp; Kilim YATAK \u00dcRET\u0130M \u2192Yatak\/Baza\/Ba\u015fl\u0131k B\u0130EN &amp; QUA SERAM\u0130K \u2192Seramik &amp; Fayans 2024 Teslim Huzur Towers\u200b https:\/\/www.youtube.com\/watch?v=_eTYtz47PI0 HUZUR TOWERS\u2019TA SADECE B\u0130R DA\u0130RE ALMIYORSUNUZ T\u00dcM SOSYAL \u0130MKANLARI S\u0130ZLERE SUNUYORUZ (ZEM\u0130N\u0130NDE FORE KAZIK KULLANILMI\u015e, TEKN\u0130K \u015eARTNAME ESALARI UYGULANMI\u015e B\u0130R S\u0130TED\u0130R)\u200b Katalog [&hellip;]<\/p>\n","protected":false},"author":1,"featured_media":0,"parent":0,"menu_order":0,"comment_status":"closed","ping_status":"closed","template":"","meta":{"site-sidebar-layout":"no-sidebar","site-content-layout":"page-builder","ast-site-content-layout":"","site-content-style":"default","site-sidebar-style":"default","ast-global-header-display":"","ast-banner-title-visibility":"","ast-main-header-display":"","ast-hfb-above-header-display":"","ast-hfb-below-header-display":"","ast-hfb-mobile-header-display":"","site-post-title":"disabled","ast-breadcrumbs-content":"","ast-featured-img":"disabled","footer-sml-layout":"","theme-transparent-header-meta":"","adv-header-id-meta":"","stick-header-meta":"","header-above-stick-meta":"","header-main-stick-meta":"","header-below-stick-meta":"","astra-migrate-meta-layouts":"default","ast-page-background-enabled":"default","ast-page-background-meta":{"desktop":{"background-color":"","background-image":"","background-repeat":"repeat","background-position":"center center","background-size":"auto","background-attachment":"scroll","background-type":"","background-media":"","overlay-type":"","overlay-color":"","overlay-opacity":"","overlay-gradient":""},"tablet":{"background-color":"","background-image":"","background-repeat":"repeat","background-position":"center center","background-size":"auto","background-attachment":"scroll","background-type":"","background-media":"","overlay-type":"","overlay-color":"","overlay-opacity":"","overlay-gradient":""},"mobile":{"background-color":"","background-image":"","background-repeat":"repeat","background-position":"center center","background-size":"auto","background-attachment":"scroll","background-type":"","background-media":"","overlay-type":"","overlay-color":"","overlay-opacity":"","overlay-gradient":""}},"ast-content-background-meta":{"desktop":{"background-color":"var(--ast-global-color-5)","background-image":"","background-repeat":"repeat","background-position":"center center","background-size":"auto","background-attachment":"scroll","background-type":"","background-media":"","overlay-type":"","overlay-color":"","overlay-opacity":"","overlay-gradient":""},"tablet":{"background-color":"var(--ast-global-color-5)","background-image":"","background-repeat":"repeat","background-position":"center center","background-size":"auto","background-attachment":"scroll","background-type":"","background-media":"","overlay-type":"","overlay-color":"","overlay-opacity":"","overlay-gradient":""},"mobile":{"background-color":"var(--ast-global-color-5)","background-image":"","background-repeat":"repeat","background-position":"center center","background-size":"auto","background-attachment":"scroll","background-type":"","background-media":"","overlay-type":"","overlay-color":"","overlay-opacity":"","overlay-gradient":""}},"footnotes":""},"class_list":["post-576","page","type-page","status-publish","hentry"],"_links":{"self":[{"href":"http:\/\/huzuroglu.com\/index.php?rest_route=\/wp\/v2\/pages\/576","targetHints":{"allow":["GET"]}}],"collection":[{"href":"http:\/\/huzuroglu.com\/index.php?rest_route=\/wp\/v2\/pages"}],"about":[{"href":"http:\/\/huzuroglu.com\/index.php?rest_route=\/wp\/v2\/types\/page"}],"author":[{"embeddable":true,"href":"http:\/\/huzuroglu.com\/index.php?rest_route=\/wp\/v2\/users\/1"}],"replies":[{"embeddable":true,"href":"http:\/\/huzuroglu.com\/index.php?rest_route=%2Fwp%2Fv2%2Fcomments&post=576"}],"version-history":[{"count":269,"href":"http:\/\/huzuroglu.com\/index.php?rest_route=\/wp\/v2\/pages\/576\/revisions"}],"predecessor-version":[{"id":1267,"href":"http:\/\/huzuroglu.com\/index.php?rest_route=\/wp\/v2\/pages\/576\/revisions\/1267"}],"wp:attachment":[{"href":"http:\/\/huzuroglu.com\/index.php?rest_route=%2Fwp%2Fv2%2Fmedia&parent=576"}],"curies":[{"name":"wp","href":"https:\/\/api.w.org\/{rel}","templated":true}]}}